{"id":1511,"date":"2024-10-21T12:18:42","date_gmt":"2024-10-21T12:18:42","guid":{"rendered":"https:\/\/gasoiladomiciliavinyonet.com\/?page_id=1511"},"modified":"2024-10-21T12:19:04","modified_gmt":"2024-10-21T12:19:04","slug":"politica-de-privacitat","status":"publish","type":"page","link":"https:\/\/gasoiladomiciliavinyonet.com\/ca\/politica-de-privacitat\/","title":{"rendered":"POL\u00cdTICA DE PRIVACITAT"},"content":{"rendered":"\n<p>El nostre objectiu, \u00e9s ser el m\u00e9s transparents possible amb els nostres usuaris i clients, sobre les dades personals que recopilem. La seva privacitat \u00e9s important per a nosaltres.<\/p>\n\n\n\n<p>Mitjan\u00e7ant la lectura de la present Pol\u00edtica de privacitat, l&#8217;usuari queda informat sobre la forma en qu\u00e8 ESTACI\u00d3 SERVEI AVINYONET recapta, tracta i protegeix les dades de car\u00e0cter personal que li s\u00f3n facilitats a trav\u00e9s del lloc web <a href=\"https:\/\/gasoiladomiciliavinyonet.com\">https:\/\/gasoiladomiciliavinyonet.com<\/a> (d&#8217;ara endavant, el lloc web) i aquelles altres dades que pugui facilitar en un futur a ESTACI\u00d3 SERVEI AVINYONET per altres mitjans.<\/p>\n\n\n\n<p>L&#8217;usuari ha de llegir amb atenci\u00f3 aquesta Pol\u00edtica de privacitat, que ha estat redactada de forma clara i senzilla, per facilitar la seva comprensi\u00f3, i determinar lliure i volunt\u00e0riament si desitja facilitar les seves dades personals a ESTACI\u00d3 SERVEI AVINYONET.<\/p>\n\n\n\n<p>En emplenar qualsevol formulari i fer clic en la casella &#8220;He llegit la pol\u00edtica de privacitat&#8221; o similar, l&#8217;usuari manifesta expressament que ha llegit la present pol\u00edtica de privacitat on s\u2019indiquen els tractaments de dades que es realitzen i les finalitats, entre d\u2019altres informacions, donant-se aix\u00ed compliment al deure d\u2019informar que imposa la normativa de Protecci\u00f3 de Dades.<\/p>\n\n\n\n<p>En aquells casos en que en la plana web corporativa es sol\u00b7liciti el consentiment per a una finalitat concreta, en clicar la casella \u201cAccepto\u201d o similar, o marcar la casella de selecci\u00f3 (check box), l\u2019usuari dona el consentiment inequ\u00edvoc i expr\u00e9s per al tractament en q\u00fcesti\u00f3.<\/p>\n\n\n\n<p><strong>Qui \u00e9s el responsable del tractament de les seves dades?<\/strong><\/p>\n\n\n\n<ul class=\"wp-block-list\">\n<li>Identitat: ESTACI\u00d3 SERVEI AVINYONET, S.L. \u2013 CIF: B17614314<\/li>\n\n\n\n<li>Adre\u00e7a: Ctra. de Besal\u00fa a Roses, Km. 41-17742 Avinyonet de Puigvent\u00f3s (GIRONA)<\/li>\n\n\n\n<li>Tel\u00e8fon: 972546768<\/li>\n\n\n\n<li>Correu electr\u00f2nic: <a href=\"mailto:esavinyonet@infosistemes.net\">esavinyonet@infosistemes.net<\/a><\/li>\n<\/ul>\n\n\n\n<h3 class=\"wp-block-heading\">Tractament de DADES recaptades mitjan\u00e7ant la WEB<\/h3>\n\n\n\n<p><strong>Amb quina finalitat tractem les seves dades personals?<\/strong><\/p>\n\n\n\n<p>A ESTACI\u00d3 SERVEI AVINYONET, tractem la informaci\u00f3 que ens faciliten les persones interessades amb la finalitat d&#8217;atendre la seva sol\u00b7licitud i, en el seu cas, enviar-li informaci\u00f3 sobre els nostres productes o serveis, aix\u00ed com els nostres butlletins.<\/p>\n\n\n\n<p>No es prendran decisions automatitzades en base a les dades proporcionades.<\/p>\n\n\n\n<p><strong>Per a quant temps conservarem les seves dades?<\/strong><\/p>\n\n\n\n<p>Les dades es conservaran mentre l&#8217;interessat no sol\u00b7liciti la seva supressi\u00f3 o mentre duri la relaci\u00f3 comercial, sempre respectant els terminis de prescripci\u00f3 de responsabilitats.<\/p>\n\n\n\n<p><strong>Quina \u00e9s la legitimaci\u00f3 per al tractament de les seves dades?<\/strong><\/p>\n\n\n\n<p>Consentiment de l&#8217;interessat (marcant casella de selecci\u00f3 o check box): Atendre la seva sol\u00b7licitud i, en el seu cas, enviar-li informaci\u00f3 sobre els nostres productes o serveis, aix\u00ed com els nostres butlletins.<\/p>\n\n\n\n<p><strong>A quins destinataris es comunicaran les seves dades?<\/strong><\/p>\n\n\n\n<p>No se cediran dades a tercers, excepte obligaci\u00f3 legal.<\/p>\n\n\n\n<p><strong>Transfer\u00e8ncies de dades a tercers pa\u00efsos?<\/strong><\/p>\n\n\n\n<p>No estan previstes transfer\u00e8ncies de dades a tercers pa\u00efsos.<\/p>\n\n\n\n<p><strong>Com hem obtingut les seves dades?<\/strong><\/p>\n\n\n\n<p>Les dades personals que tractem a ESTACI\u00d3 SERVEI AVINYONET procedeixen del propi interessat, o del seu representant legal.<\/p>\n\n\n\n<h3 class=\"wp-block-heading\">Tractament de DADES per SELECCI\u00d3 del PERSONAL<\/h3>\n\n\n\n<p><strong>Amb quina finalitat tractem les seves dades personals?<\/strong><\/p>\n\n\n\n<p>A ESTACI\u00d3 SERVEI AVINYONET, tractem la informaci\u00f3 que ens faciliten les persones interessades amb la finalitat de realitzar els processos de selecci\u00f3 de personal.<\/p>\n\n\n\n<p>No es prendran decisions automatitzades en base a les dades proporcionades.<\/p>\n\n\n\n<p><strong>Per a quant temps conservarem les seves dades?<\/strong><\/p>\n\n\n\n<p>Es conservaran durant dos anys, a excepci\u00f3 que l&#8217;interessat retiri el seu consentiment abans del termini m\u00e0xim de conservaci\u00f3.<\/p>\n\n\n\n<p><strong>Quina \u00e9s la legitimaci\u00f3 per al tractament de les seves dades?<\/strong><\/p>\n\n\n\n<p>Consentiment de l&#8217;interessat: Participar en els processos de selecci\u00f3 de personal.<\/p>\n\n\n\n<p><strong>A quins destinataris es comunicaran les seves dades?<\/strong><\/p>\n\n\n\n<p>No se cediran dades a tercers, excepte obligaci\u00f3 legal.<\/p>\n\n\n\n<p><strong>Transfer\u00e8ncies de dades a tercers pa\u00efsos?<\/strong><\/p>\n\n\n\n<p>No estan previstes transfer\u00e8ncies de dades a tercers pa\u00efsos.<\/p>\n\n\n\n<p><strong>Com hem obtingut les seves dades?<\/strong><\/p>\n\n\n\n<p>Les dades personals que tractem a ESTACI\u00d3 SERVEI AVINYONET procedeixen del propi interessat, o del seu representant legal.<\/p>\n\n\n\n<p>Les categories de dades que es tracten s\u00f3n:<\/p>\n\n\n\n<ul class=\"wp-block-list\">\n<li>Dades identificatives<\/li>\n\n\n\n<li>Adreces postals i electr\u00f2niques<\/li>\n\n\n\n<li>Dades professionals i acad\u00e8miques<\/li>\n<\/ul>\n\n\n\n<h3 class=\"wp-block-heading\">Tractament del \u00daS de la IMATGE<\/h3>\n\n\n\n<p><strong>Amb quina finalitat tractem les seves dades personals?<\/strong><\/p>\n\n\n\n<p>A ESTACI\u00d3 SERVEI AVINYONET, tractem les dades obtingudes (imatge i, en el seu cas, veu), amb la finalitat de publicar dites imatges en webs o xarxes socials, aix\u00ed com en altres suports de difusi\u00f3, com revistes, publicacions, etc., per realitzar accions de publicitat o difusi\u00f3 de les nostres activitats.<\/p>\n\n\n\n<p>No es prendran decisions automatitzades en base a les dades proporcionades.<\/p>\n\n\n\n<p><strong>Per a quant temps conservarem les seves dades?<\/strong><\/p>\n\n\n\n<p>Les dades es conservaran des que l&#8217;usuari presta el seu consentiment fins que retira aquest consentiment.<\/p>\n\n\n\n<p><strong>Quina \u00e9s la legitimaci\u00f3 per al tractament de les seves dades?<\/strong><\/p>\n\n\n\n<p>Consentiment de l&#8217;interessat: \u00das de fotografies i, en el seu cas, v\u00eddeos on apareix la imatge d\u2019interessats.<\/p>\n\n\n\n<p>Aix\u00ed mateix, s&#8217;informa que atorgant el consentiment, les imatges poden ser publicades a la web de l&#8217;empresa, xarxes socials i qualsevol suport que l&#8217;empresa crea oport\u00fa per donar publicitat a les seves activitats, esdeveniments i serveis.<\/p>\n\n\n\n<p><strong>A quins destinataris es comunicaran les seves dades?<\/strong><\/p>\n\n\n\n<p>Seran publicades a la web de l&#8217;empresa i\/o xarxes socials.<\/p>\n\n\n\n<p><strong>Transfer\u00e8ncies de dades a tercers pa\u00efsos?<\/strong><\/p>\n\n\n\n<p>L&#8217;\u00fas d&#8217;imatges en les xarxes socials pot implicar transfer\u00e8ncies internacionals de dades.<\/p>\n\n\n\n<h3 class=\"wp-block-heading\">Tractament de DADES de CLIENTS<\/h3>\n\n\n\n<p><strong>Amb quina finalitat tractem les seves dades personals?<\/strong><\/p>\n\n\n\n<p>A ESTACI\u00d3 SERVEI AVINYONET, tractem la informaci\u00f3 que ens faciliten les persones interessades amb la finalitat principal de prestar-li els serveis sol\u00b7licitats, aix\u00ed com realitzar la gesti\u00f3 administrativa, comptable i fiscal derivada de dits serveis o venda de producte, i, en el seu cas, per enviar comunicacions comercials sobre els nostres productes i serveis.<\/p>\n\n\n\n<p>No es prendran decisions automatitzades en base a les dades proporcionades.<br><\/p>\n\n\n\n<p><strong>Per a quant temps conservarem les seves dades?<\/strong><\/p>\n\n\n\n<p>Les dades es conservaran mentre l&#8217;interessat no sol\u00b7liciti la seva supressi\u00f3, i si escau, durant els anys necessaris per complir amb les obligacions legals<br><\/p>\n\n\n\n<p><strong>Quina \u00e9s la legitimaci\u00f3 per al tractament de les seves dades?<\/strong><\/p>\n\n\n\n<p>Li indiquem la base legal per al tractament de les seves dades:<br>Execuci\u00f3 d&#8217;un contracte: Prestar els serveis sol\u00b7licitats<br>Obligaci\u00f3 legal: Realitzar la gesti\u00f3 administrativa, comptable i fiscal dels serveis sol\u00b7licitats.<br>Inter\u00e8s leg\u00edtim del Responsable: Enviar comunicacions comercials sobre els nostres productes i serveis.<\/p>\n\n\n\n<p><br><strong>A quins destinataris es comunicaran les seves dades?<\/strong><br><\/p>\n\n\n\n<p>Les dades es comunicaran als seg\u00fcents destinataris:<br>Ag\u00e8ncia Tribut\u00e0ria, amb la finalitat de complir amb les obligacions legals. (Requisit legal).<br>Entitats financeres, amb la finalitat de girar els rebuts corresponents, en el seu cas. (Requisit contractual).<br><\/p>\n\n\n\n<p><strong>Transfer\u00e8ncies de dades a tercers pa\u00efsos<\/strong><br>No estan previstes transfer\u00e8ncies de dades a tercers pa\u00efsos.<br><\/p>\n\n\n\n<p><strong>Com hem obtingut les seves dades?<\/strong><br>Les dades personals que tractem a ESTACI\u00d3 SERVEI AVINYONET procedeixen del propi interessat, o del seu representant legal.<br><\/p>\n\n\n\n<p>Les categories de dades que es tracten s\u00f3n:<\/p>\n\n\n\n<ul class=\"wp-block-list\">\n<li>Dades identificatives<\/li>\n\n\n\n<li>Adreces postals i electr\u00f2niques<\/li>\n\n\n\n<li>Informaci\u00f3 comercial<\/li>\n\n\n\n<li>Informaci\u00f3 banc\u00e0ria, en el seu cas<\/li>\n<\/ul>\n\n\n\n<h3 class=\"wp-block-heading\">Tractament de dades per PUBLICITAT<\/h3>\n\n\n\n<p><strong>Amb quina finalitat tractem les seves dades personals?<\/strong><br>A ESTACI\u00d3 SERVEI AVINYONET, tractem la informaci\u00f3 que ens faciliten les persones interessades amb la finalitat de gestionar l&#8217;enviament de comunicacions comercials sobre els nostres productes i\/o serveis a trav\u00e9s de mitjans electr\u00f2nics (e-mail, WhatsApp, SMS\u2026).<\/p>\n\n\n\n<p>No es prendran decisions automatitzades en base a les dades proporcionades.<\/p>\n\n\n\n<p><strong>Per a quant temps conservarem les seves dades?<\/strong><br>Les dades es conservaran des que l&#8217;usuari presta el seu consentiment fins que retira aquest consentiment.<\/p>\n\n\n\n<p><strong>Quina \u00e9s la legitimaci\u00f3 per al tractament de les seves dades?<\/strong><br>Consentiment de l&#8217;interessat (mitjan\u00e7ant la firma del document d\u2019obtenci\u00f3 del consentiment, marcar o fer tick en la casella de selecci\u00f3 o check box o qualsevol altre mitj\u00e0 v\u00e0lid per a l\u2019obtenci\u00f3 d\u2019aquest): Per a l\u2019enviament de comunicacions comercials.<\/p>\n\n\n\n<p><strong>A quins destinataris es comunicaran les seves dades?<\/strong><br>Plataformes d&#8217;enviament de publicitat mitjan\u00e7ant mitjans electr\u00f2nics, amb la finalitat de realitzar l&#8217;enviament amb garanties i obtenir dades estad\u00edstiques.<\/p>\n\n\n\n<p><strong>Transfer\u00e8ncies de dades a tercers pa\u00efsos?<\/strong><br>No estan previstes transfer\u00e8ncies de dades a tercers pa\u00efsos.<\/p>\n\n\n\n<p><strong>Com hem obtingut les seves dades?<\/strong><br>Les dades personals que tractem a ESTACI\u00d3 SERVEI AVINYONET procedeixen del propi interessat, o del seu representant legal.<\/p>\n\n\n\n<p><br>\u2028Les categories de dades que es tracten s\u00f3n:<\/p>\n\n\n\n<ul class=\"wp-block-list\">\n<li>Adreces postals i electr\u00f2niques<\/li>\n\n\n\n<li>Informaci\u00f3 comercial<\/li>\n<\/ul>\n\n\n\n<h3 class=\"wp-block-heading\">Tractament de les dades de VIDEOVIGIL\u00c0NCIA<\/h3>\n\n\n\n<p><strong>Informaci\u00f3 b\u00e0sica sobre Protecci\u00f3 de Dades<\/strong><br>Responsable: ESTACI\u00d3 SERVEI AVINYONET; Finalitat: Garantir la seguretat de persones, b\u00e9ns i instal\u00b7lacions; Legitimaci\u00f3: Missi\u00f3 en Inter\u00e8s p\u00fablic; Destinataris: Estan previstes cessions de dades a: Si escau, les forces i cossos de seguretat de l&#8217;Estat, aix\u00ed com Jutjats i Tribunals; Drets: T\u00e9 dret a accedir, rectificar i suprimir les dades, aix\u00ed com altres drets, indicats en la informaci\u00f3 addicional, que pot exercir dirigint-se a l&#8217;adre\u00e7a del responsable del tractament;<\/p>\n\n\n\n<p><strong>Informaci\u00f3 completa sobre Protecci\u00f3 de Dades<\/strong><\/p>\n\n\n\n<p><strong>Amb quina finalitat tractem les seves dades personals?<\/strong><br>A ESTACI\u00d3 SERVEI AVINYONET, tractem la informaci\u00f3 que ens faciliten les persones interessades amb la finalitat de garantir la seguretat de persones, b\u00e9ns i instal\u00b7lacions.<br>No es prendran decisions automatitzades en base a les dades proporcionades.<\/p>\n\n\n\n<p><strong>Per a quant temps conservarem les seves dades?<\/strong><br>Les dades es conservaran un m\u00e0xim de 30 dies, excepte comunicaci\u00f3 a Forces i Cossos de Seguretat, i\/o Jutjats i Tribunals.<\/p>\n\n\n\n<p><strong>Quina \u00e9s la legitimaci\u00f3 per al tractament de les seves dades?<\/strong><br>Missi\u00f3 en Inter\u00e8s p\u00fablic: Garantir la seguretat de persones, b\u00e9ns i instal\u00b7lacions.<\/p>\n\n\n\n<p><strong>A quins destinataris es comunicaran les seves dades?<\/strong><br>Si escau, les forces i cossos de seguretat de l&#8217;Estat, aix\u00ed com Jutjats i Tribunals, amb la finalitat d&#8217;aportar les imatges si s&#8217;ha com\u00e8s un delicte o infracci\u00f3.<\/p>\n\n\n\n<p><strong>Transfer\u00e8ncies de dades a tercers pa\u00efsos<\/strong><br>No estan previstes transfer\u00e8ncies de dades a tercers pa\u00efsos.<\/p>\n\n\n\n<p><strong>Quines categories de dades personals tractem?<\/strong><br>Imatge.<\/p>\n\n\n\n<h3 class=\"wp-block-heading\">DRETS DE L\u2019INTERESSAT<\/h3>\n\n\n\n<p><strong>Quins s\u00f3n els seus drets quan ens facilita les seves dades?<\/strong><br>Qualsevol persona t\u00e9 dret a obtenir confirmaci\u00f3 sobre si a ESTACI\u00d3 SERVEI AVINYONET estem tractant dades personals que els concerneixin, o no.<\/p>\n\n\n\n<p><br>Les persones interessades tenen dret a accedir (art. 15 RGPD) a les seves dades personals, aix\u00ed com a sol\u00b7licitar la rectificaci\u00f3 (art. 16 RGPD) de les dades inexactes o, si escau, sol\u00b7licitar la seva supressi\u00f3 (art. 17 RGPD) quan, entre altres motius, les dades ja no siguin necess\u00e0ries per a les finalitats que van ser recollides.<\/p>\n\n\n\n<p><br>En determinades circumst\u00e0ncies, els interessats podran sol\u00b7licitar la limitaci\u00f3 (Art. 18 RGPD) del tractament de les seves dades, en aquest cas \u00fanicament els conservarem per a l&#8217;exercici o la defensa de reclamacions.<\/p>\n\n\n\n<p><br>En determinades circumst\u00e0ncies i per motius relacionats amb la seva situaci\u00f3 particular, els interessats podran oposar-se al tractament (art. 21 RGPD) de les seves dades. En aquest cas, ESTACI\u00d3 SERVEI AVINYONET deixar\u00e0 de tractar les dades, a menys que hi hagi motius leg\u00edtims imperiosos, o l&#8217;exercici o la defensa de possibles reclamacions.<\/p>\n\n\n\n<p><br>Tamb\u00e9 tindr\u00e0 dret a sol\u00b7licitar la portabilitat (art. 20 RGPD) de les seves dades personals. Aix\u00f2 significa que tindr\u00e0 dret a rebre les dades personals que ens hagi facilitat en un format estructurat, d&#8217;\u00fas com\u00fa i llegible per una m\u00e0quina, per poder transmetre-ho a una altra entitat directament, sempre que t\u00e8cnicament sigui possible.<\/p>\n\n\n\n<p><br>Si ha atorgat el seu consentiment per a alguna finalitat concreta, t\u00e9 dret a retirar el consentiment (art. 7 RGPD) en qualsevol moment, sense que la retirada afecti a la licitud del tractament basat en el consentiment previ a la seva retirada.<\/p>\n\n\n\n<p><br>Pot exercir els seus drets adre\u00e7ant-se al responsable presencialment per correu postal, o b\u00e9 per correu electr\u00f2nic a l\u2019adre\u00e7a electr\u00f2nica del responsable, enviant la inst\u00e0ncia\/sol\u00b7licitud. Els formularis per a les sol\u00b7licituds\/exercici de drets, pot trobar-los al lloc web de l\u2019Ag\u00e8ncia Espanyola de Protecci\u00f3 de Dades:<\/p>\n\n\n\n<p><a href=\"https:\/\/www.aepd.es\/reglamento\/derechos\/index.html#anchor\">https:\/\/www.aepd.es\/reglamento\/derechos\/index.html#anchor<\/a><\/p>\n\n\n\n<p>En cas que cregui vulnerats els seus drets pel que concerneix la protecci\u00f3 de les seves dades personals, especialment quan no hagi obtingut satisfacci\u00f3 en l&#8217;exercici dels seus drets, pot presentar una reclamaci\u00f3 davant l&#8217;Autoritat de Control en mat\u00e8ria de Protecci\u00f3 de Dades competent accedint a la seu electr\u00f2nica de l\u2019Ag\u00e8ncia Espanyola de Protecci\u00f3 de Dades:<\/p>\n\n\n\n<p><a href=\"https:\/\/sedeagpd.gob.es\/sede-electronica-web\/vistas\/infoSede\/canalesAcceso.jsf\">https:\/\/sedeagpd.gob.es\/sede-electronica-web\/vistas\/infoSede\/canalesAcceso.jsf<\/a><\/p>\n\n\n\n<h3 class=\"wp-block-heading\">OBLIGATORIETAT DE FACILITAR LES DADES<\/h3>\n\n\n\n<p>Les dades sol\u00b7licitades en els formularis accessibles des del Lloc web de ESTACI\u00d3 SERVEI AVINYONET i, en general, aquelles que sol\u00b7liciti l&#8217;empresa per a la prestaci\u00f3 del servei\/venda de producte, s\u00f3n, amb car\u00e0cter general, obligatoris (tret que en el camp requerit s&#8217;especifiqui el contrari) per a complir amb les finalitats establertes. Per tant, si no es faciliten els mateixos o no es faciliten amb exactitud, \u00e9s possible que no puguin atendre&#8217;s les sol\u00b7licituds correctament.<\/p>\n\n\n\n<p><br>En cas que l&#8217;interessat faciliti dades de tercers, manifesta comptar amb el consentiment d&#8217;aquests i es compromet a traslladar a l&#8217;interessat, titular d&#8217;aquestes dades, la informaci\u00f3 continguda en la present Pol\u00edtica de Privacitat, eximint a ESTACI\u00d3 SERVEI AVINYONET de qualsevol responsabilitat en aquest sentit.<\/p>\n\n\n\n<h3 class=\"wp-block-heading\">MESURES DE SEGURETAT<\/h3>\n\n\n\n<p>Les dades personals seran tractades de manera l\u00edcita, lleial i transparent en relaci\u00f3 amb l&#8217;interessat (\u00ablicitud, lleialtat i transpar\u00e8ncia\u00bb); recollits amb finalitats determinades, expl\u00edcites i leg\u00edtimes, i no seran tractades ulteriorment de manera incompatible amb aquests fins; adequades, pertinents i limitades al necessari en relaci\u00f3 amb els fins per als quals s\u00f3n tractats, mantingudes de manera que es permeti la identificaci\u00f3 dels interessats durant no m\u00e9s temps del necessari per als fins del tractament de les dades personals (respectant els terminis de prescripci\u00f3 de responsabilitats); tractats de tal manera que es garanteixi una seguretat adequada de les dades personals, inclosa la protecci\u00f3 contra el tractament no autoritzat o il\u00b7l\u00edcit i contra la seva p\u00e8rdua, destrucci\u00f3 o dany accidental, mitjan\u00e7ant l&#8217;aplicaci\u00f3 de mesures t\u00e8cniques o organitzatives apropiades (\u00abintegritat i confidencialitat\u00bb).<\/p>\n\n\n\n<p>Seguim uns estrictes criteris de selecci\u00f3 de prove\u00efdors de serveis amb acc\u00e9s a dades personals, tot aix\u00f2 per a donar compliment a les seves obligacions en mat\u00e8ria de protecci\u00f3 de dades, aix\u00ed com formalitzar amb ells el corresponent contracte d&#8217;encarregat del tractament (art. 28 RGPD), mitjan\u00e7ant el qual se&#8217;ls imposar\u00e0, entre altres, les seg\u00fcents obligacions: aplicar mesures t\u00e8cniques i organitzatives apropiades; tractar les dades seguint les nostres instruccions; i suprimir o retornar-nos les dades una vegada finalitzi la prestaci\u00f3 dels serveis.<\/p>\n","protected":false},"excerpt":{"rendered":"<p>El nostre objectiu, \u00e9s ser el m\u00e9s transparents possible amb els nostres usuaris i clients, sobre les dades personals que recopilem. La seva privacitat \u00e9s important per a nosaltres. Mitjan\u00e7ant la lectura de la present Pol\u00edtica de privacitat, l&#8217;usuari queda informat sobre la forma en qu\u00e8 ESTACI\u00d3 SERVEI AVINYONET recapta, tracta i protegeix les dades [&hellip;]<\/p>\n","protected":false},"author":1,"featured_media":0,"parent":0,"menu_order":0,"comment_status":"closed","ping_status":"closed","template":"","meta":{"_et_pb_use_builder":"off","_et_pb_old_content":"","_et_gb_content_width":"","footnotes":""},"class_list":["post-1511","page","type-page","status-publish","hentry"],"yoast_head":"<!-- This site is optimized with the Yoast SEO plugin v27.3 - https:\/\/yoast.com\/product\/yoast-seo-wordpress\/ -->\n<title>POL\u00cdTICA DE PRIVACITAT | Estaci\u00f3 de Servei Avinyonet<\/title>\n<meta name=\"robots\" content=\"noindex, nofollow\" \/>\n<meta property=\"og:locale\" content=\"ca_ES\" \/>\n<meta property=\"og:type\" content=\"article\" \/>\n<meta property=\"og:title\" content=\"POL\u00cdTICA DE PRIVACITAT | Estaci\u00f3 de Servei Avinyonet\" \/>\n<meta property=\"og:description\" content=\"El nostre objectiu, \u00e9s ser el m\u00e9s transparents possible amb els nostres usuaris i clients, sobre les dades personals que recopilem. La seva privacitat \u00e9s important per a nosaltres. Mitjan\u00e7ant la lectura de la present Pol\u00edtica de privacitat, l&#8217;usuari queda informat sobre la forma en qu\u00e8 ESTACI\u00d3 SERVEI AVINYONET recapta, tracta i protegeix les dades [&hellip;]\" \/>\n<meta property=\"og:url\" content=\"https:\/\/gasoiladomiciliavinyonet.com\/ca\/politica-de-privacitat\/\" \/>\n<meta property=\"og:site_name\" content=\"Estaci\u00f3 de Servei Avinyonet\" \/>\n<meta property=\"article:publisher\" content=\"https:\/\/www.facebook.com\/Estacio.Servei.Avinyonet\/\" \/>\n<meta property=\"article:modified_time\" content=\"2024-10-21T12:19:04+00:00\" \/>\n<meta property=\"og:image\" content=\"https:\/\/gasoiladomiciliavinyonet.com\/wp-content\/uploads\/2023\/09\/logo-ES-AVINYONET.png\" \/>\n\t<meta property=\"og:image:width\" content=\"2048\" \/>\n\t<meta property=\"og:image:height\" content=\"2048\" \/>\n\t<meta property=\"og:image:type\" content=\"image\/png\" \/>\n<meta name=\"twitter:card\" content=\"summary_large_image\" \/>\n<meta name=\"twitter:label1\" content=\"Temps estimat de lectura\" \/>\n\t<meta name=\"twitter:data1\" content=\"11 minuts\" \/>\n<!-- \/ Yoast SEO plugin. -->","yoast_head_json":{"title":"POL\u00cdTICA DE PRIVACITAT | Estaci\u00f3 de Servei Avinyonet","robots":{"index":"noindex","follow":"nofollow"},"og_locale":"ca_ES","og_type":"article","og_title":"POL\u00cdTICA DE PRIVACITAT | Estaci\u00f3 de Servei Avinyonet","og_description":"El nostre objectiu, \u00e9s ser el m\u00e9s transparents possible amb els nostres usuaris i clients, sobre les dades personals que recopilem. La seva privacitat \u00e9s important per a nosaltres. Mitjan\u00e7ant la lectura de la present Pol\u00edtica de privacitat, l&#8217;usuari queda informat sobre la forma en qu\u00e8 ESTACI\u00d3 SERVEI AVINYONET recapta, tracta i protegeix les dades [&hellip;]","og_url":"https:\/\/gasoiladomiciliavinyonet.com\/ca\/politica-de-privacitat\/","og_site_name":"Estaci\u00f3 de Servei Avinyonet","article_publisher":"https:\/\/www.facebook.com\/Estacio.Servei.Avinyonet\/","article_modified_time":"2024-10-21T12:19:04+00:00","og_image":[{"width":2048,"height":2048,"url":"https:\/\/gasoiladomiciliavinyonet.com\/wp-content\/uploads\/2023\/09\/logo-ES-AVINYONET.png","type":"image\/png"}],"twitter_card":"summary_large_image","twitter_misc":{"Temps estimat de lectura":"11 minuts"},"schema":{"@context":"https:\/\/schema.org","@graph":[{"@type":"WebPage","@id":"https:\/\/gasoiladomiciliavinyonet.com\/ca\/politica-de-privacitat\/","url":"https:\/\/gasoiladomiciliavinyonet.com\/ca\/politica-de-privacitat\/","name":"POL\u00cdTICA DE PRIVACITAT | Estaci\u00f3 de Servei Avinyonet","isPartOf":{"@id":"https:\/\/gasoiladomiciliavinyonet.com\/ca\/#website"},"datePublished":"2024-10-21T12:18:42+00:00","dateModified":"2024-10-21T12:19:04+00:00","breadcrumb":{"@id":"https:\/\/gasoiladomiciliavinyonet.com\/ca\/politica-de-privacitat\/#breadcrumb"},"inLanguage":"ca","potentialAction":[{"@type":"ReadAction","target":["https:\/\/gasoiladomiciliavinyonet.com\/ca\/politica-de-privacitat\/"]}]},{"@type":"BreadcrumbList","@id":"https:\/\/gasoiladomiciliavinyonet.com\/ca\/politica-de-privacitat\/#breadcrumb","itemListElement":[{"@type":"ListItem","position":1,"name":"Portada","item":"https:\/\/gasoiladomiciliavinyonet.com\/ca\/"},{"@type":"ListItem","position":2,"name":"POL\u00cdTICA DE PRIVACITAT"}]},{"@type":"WebSite","@id":"https:\/\/gasoiladomiciliavinyonet.com\/ca\/#website","url":"https:\/\/gasoiladomiciliavinyonet.com\/ca\/","name":"Estaci\u00f3 de Servei Avonyonet","description":"Distribuci\u00f3n de gas\u00f3leos a domicilio","publisher":{"@id":"https:\/\/gasoiladomiciliavinyonet.com\/ca\/#organization"},"potentialAction":[{"@type":"SearchAction","target":{"@type":"EntryPoint","urlTemplate":"https:\/\/gasoiladomiciliavinyonet.com\/ca\/?s={search_term_string}"},"query-input":{"@type":"PropertyValueSpecification","valueRequired":true,"valueName":"search_term_string"}}],"inLanguage":"ca"},{"@type":"Organization","@id":"https:\/\/gasoiladomiciliavinyonet.com\/ca\/#organization","name":"Estaci\u00f3 de Servei Avinyonet","url":"https:\/\/gasoiladomiciliavinyonet.com\/ca\/","logo":{"@type":"ImageObject","inLanguage":"ca","@id":"https:\/\/gasoiladomiciliavinyonet.com\/ca\/#\/schema\/logo\/image\/","url":"https:\/\/gasoiladomiciliavinyonet.com\/wp-content\/uploads\/2023\/09\/logo-ES-AVINYONET.png","contentUrl":"https:\/\/gasoiladomiciliavinyonet.com\/wp-content\/uploads\/2023\/09\/logo-ES-AVINYONET.png","width":2048,"height":2048,"caption":"Estaci\u00f3 de Servei Avinyonet"},"image":{"@id":"https:\/\/gasoiladomiciliavinyonet.com\/ca\/#\/schema\/logo\/image\/"},"sameAs":["https:\/\/www.facebook.com\/Estacio.Servei.Avinyonet\/","https:\/\/www.instagram.com\/estaciodeserveiavinyonet\/"]}]}},"_links":{"self":[{"href":"https:\/\/gasoiladomiciliavinyonet.com\/ca\/wp-json\/wp\/v2\/pages\/1511","targetHints":{"allow":["GET"]}}],"collection":[{"href":"https:\/\/gasoiladomiciliavinyonet.com\/ca\/wp-json\/wp\/v2\/pages"}],"about":[{"href":"https:\/\/gasoiladomiciliavinyonet.com\/ca\/wp-json\/wp\/v2\/types\/page"}],"author":[{"embeddable":true,"href":"https:\/\/gasoiladomiciliavinyonet.com\/ca\/wp-json\/wp\/v2\/users\/1"}],"replies":[{"embeddable":true,"href":"https:\/\/gasoiladomiciliavinyonet.com\/ca\/wp-json\/wp\/v2\/comments?post=1511"}],"version-history":[{"count":0,"href":"https:\/\/gasoiladomiciliavinyonet.com\/ca\/wp-json\/wp\/v2\/pages\/1511\/revisions"}],"wp:attachment":[{"href":"https:\/\/gasoiladomiciliavinyonet.com\/ca\/wp-json\/wp\/v2\/media?parent=1511"}],"curies":[{"name":"wp","href":"https:\/\/api.w.org\/{rel}","templated":true}]}}