{"id":1777,"date":"2025-12-21T09:24:52","date_gmt":"2025-12-21T09:24:52","guid":{"rendered":"https:\/\/gasoiladomiciliavinyonet.com\/__trashed\/"},"modified":"2025-12-21T09:56:29","modified_gmt":"2025-12-21T09:56:29","slug":"actualitat","status":"publish","type":"page","link":"https:\/\/gasoiladomiciliavinyonet.com\/ca\/actualitat\/","title":{"rendered":"Actualitat"},"content":{"rendered":"<p>[et_pb_section fb_built=&#8221;1&#8243; admin_label=&#8221;Header&#8221; _builder_version=&#8221;4.22.0&#8243; _module_preset=&#8221;default&#8221; collapsed=&#8221;on&#8221; global_colors_info=&#8221;{}&#8221; theme_builder_area=&#8221;post_content&#8221;][et_pb_row _builder_version=&#8221;4.24.0&#8243; _module_preset=&#8221;default&#8221; max_width=&#8221;1800px&#8221; global_colors_info=&#8221;{}&#8221; theme_builder_area=&#8221;post_content&#8221;][et_pb_column type=&#8221;4_4&#8243; _builder_version=&#8221;4.22.0&#8243; _module_preset=&#8221;default&#8221; global_colors_info=&#8221;{}&#8221; theme_builder_area=&#8221;post_content&#8221;][et_pb_blog posts_number=&#8221;12&#8243; include_categories=&#8221;all&#8221; _builder_version=&#8221;4.27.5&#8243; _module_preset=&#8221;1c92a86f-c1ab-47d6-8729-051936a4ad9e&#8221; hover_enabled=&#8221;0&#8243; locked=&#8221;off&#8221; global_colors_info=&#8221;{%22gcid-484db635-f953-40b6-926a-828c5cb79840%22:%91%22meta_text_color%22,%22read_more_text_color%22%93}&#8221; theme_builder_area=&#8221;post_content&#8221; show_categories=&#8221;off&#8221; sticky_enabled=&#8221;0&#8243;][\/et_pb_blog][\/et_pb_column][\/et_pb_row][\/et_pb_section]<\/p>\n","protected":false},"excerpt":{"rendered":"","protected":false},"author":1,"featured_media":0,"parent":0,"menu_order":0,"comment_status":"closed","ping_status":"closed","template":"","meta":{"_et_pb_use_builder":"on","_et_pb_old_content":"","_et_gb_content_width":"","footnotes":""},"class_list":["post-1777","page","type-page","status-publish","hentry"],"yoast_head":"<!-- This site is optimized with the Yoast SEO plugin v27.4 - https:\/\/yoast.com\/product\/yoast-seo-wordpress\/ -->\n<title>Actualitat | Estaci\u00f3 de Servei Avinyonet<\/title>\n<meta name=\"description\" content=\"Gasoil a domicili a Figueres. Venda i distribuci\u00f3 de Gasoils A, B i C per a automoci\u00f3, usos industrials i dom\u00e8stics. T\u00fanel de rentada.\" \/>\n<meta name=\"robots\" content=\"index, follow, max-snippet:-1, max-image-preview:large, max-video-preview:-1\" \/>\n<link rel=\"canonical\" href=\"https:\/\/gasoiladomiciliavinyonet.com\/ca\/actualitat\/\" \/>\n<meta property=\"og:locale\" content=\"ca_ES\" \/>\n<meta property=\"og:type\" content=\"article\" \/>\n<meta property=\"og:title\" content=\"Actualitat | Estaci\u00f3 de Servei Avinyonet\" \/>\n<meta property=\"og:description\" content=\"Gasoil a domicili a Figueres. Venda i distribuci\u00f3 de Gasoils A, B i C per a automoci\u00f3, usos industrials i dom\u00e8stics. T\u00fanel de rentada.\" \/>\n<meta property=\"og:url\" content=\"https:\/\/gasoiladomiciliavinyonet.com\/ca\/actualitat\/\" \/>\n<meta property=\"og:site_name\" content=\"Estaci\u00f3 de Servei Avinyonet\" \/>\n<meta property=\"article:publisher\" content=\"https:\/\/www.facebook.com\/Estacio.Servei.Avinyonet\/\" \/>\n<meta property=\"article:modified_time\" content=\"2025-12-21T09:56:29+00:00\" \/>\n<meta property=\"og:image\" content=\"https:\/\/gasoiladomiciliavinyonet.com\/wp-content\/uploads\/2023\/09\/logo-ES-AVINYONET.png\" \/>\n\t<meta property=\"og:image:width\" content=\"2048\" \/>\n\t<meta property=\"og:image:height\" content=\"2048\" \/>\n\t<meta property=\"og:image:type\" content=\"image\/png\" \/>\n<meta name=\"twitter:card\" content=\"summary_large_image\" \/>\n<meta name=\"twitter:label1\" content=\"Temps estimat de lectura\" \/>\n\t<meta name=\"twitter:data1\" content=\"6 minuts\" \/>\n<!-- \/ Yoast SEO plugin. -->","yoast_head_json":{"title":"Actualitat | Estaci\u00f3 de Servei Avinyonet","description":"Gasoil a domicili a Figueres. Venda i distribuci\u00f3 de Gasoils A, B i C per a automoci\u00f3, usos industrials i dom\u00e8stics. T\u00fanel de rentada.","robots":{"index":"index","follow":"follow","max-snippet":"max-snippet:-1","max-image-preview":"max-image-preview:large","max-video-preview":"max-video-preview:-1"},"canonical":"https:\/\/gasoiladomiciliavinyonet.com\/ca\/actualitat\/","og_locale":"ca_ES","og_type":"article","og_title":"Actualitat | Estaci\u00f3 de Servei Avinyonet","og_description":"Gasoil a domicili a Figueres. Venda i distribuci\u00f3 de Gasoils A, B i C per a automoci\u00f3, usos industrials i dom\u00e8stics. T\u00fanel de rentada.","og_url":"https:\/\/gasoiladomiciliavinyonet.com\/ca\/actualitat\/","og_site_name":"Estaci\u00f3 de Servei Avinyonet","article_publisher":"https:\/\/www.facebook.com\/Estacio.Servei.Avinyonet\/","article_modified_time":"2025-12-21T09:56:29+00:00","og_image":[{"width":2048,"height":2048,"url":"https:\/\/gasoiladomiciliavinyonet.com\/wp-content\/uploads\/2023\/09\/logo-ES-AVINYONET.png","type":"image\/png"}],"twitter_card":"summary_large_image","twitter_misc":{"Temps estimat de lectura":"6 minuts"},"schema":{"@context":"https:\/\/schema.org","@graph":[{"@type":"WebPage","@id":"https:\/\/gasoiladomiciliavinyonet.com\/ca\/actualitat\/","url":"https:\/\/gasoiladomiciliavinyonet.com\/ca\/actualitat\/","name":"Actualitat | Estaci\u00f3 de Servei Avinyonet","isPartOf":{"@id":"https:\/\/gasoiladomiciliavinyonet.com\/ca\/#website"},"datePublished":"2025-12-21T09:24:52+00:00","dateModified":"2025-12-21T09:56:29+00:00","description":"Gasoil a domicili a Figueres. Venda i distribuci\u00f3 de Gasoils A, B i C per a automoci\u00f3, usos industrials i dom\u00e8stics. T\u00fanel de rentada.","breadcrumb":{"@id":"https:\/\/gasoiladomiciliavinyonet.com\/ca\/actualitat\/#breadcrumb"},"inLanguage":"ca","potentialAction":[{"@type":"ReadAction","target":["https:\/\/gasoiladomiciliavinyonet.com\/ca\/actualitat\/"]}]},{"@type":"BreadcrumbList","@id":"https:\/\/gasoiladomiciliavinyonet.com\/ca\/actualitat\/#breadcrumb","itemListElement":[{"@type":"ListItem","position":1,"name":"Portada","item":"https:\/\/gasoiladomiciliavinyonet.com\/ca\/"},{"@type":"ListItem","position":2,"name":"Actualitat"}]},{"@type":"WebSite","@id":"https:\/\/gasoiladomiciliavinyonet.com\/ca\/#website","url":"https:\/\/gasoiladomiciliavinyonet.com\/ca\/","name":"Estaci\u00f3 de Servei Avonyonet","description":"Distribuci\u00f3n de gas\u00f3leos a domicilio","publisher":{"@id":"https:\/\/gasoiladomiciliavinyonet.com\/ca\/#organization"},"potentialAction":[{"@type":"SearchAction","target":{"@type":"EntryPoint","urlTemplate":"https:\/\/gasoiladomiciliavinyonet.com\/ca\/?s={search_term_string}"},"query-input":{"@type":"PropertyValueSpecification","valueRequired":true,"valueName":"search_term_string"}}],"inLanguage":"ca"},{"@type":"Organization","@id":"https:\/\/gasoiladomiciliavinyonet.com\/ca\/#organization","name":"Estaci\u00f3 de Servei Avinyonet","url":"https:\/\/gasoiladomiciliavinyonet.com\/ca\/","logo":{"@type":"ImageObject","inLanguage":"ca","@id":"https:\/\/gasoiladomiciliavinyonet.com\/ca\/#\/schema\/logo\/image\/","url":"https:\/\/gasoiladomiciliavinyonet.com\/wp-content\/uploads\/2023\/09\/logo-ES-AVINYONET.png","contentUrl":"https:\/\/gasoiladomiciliavinyonet.com\/wp-content\/uploads\/2023\/09\/logo-ES-AVINYONET.png","width":2048,"height":2048,"caption":"Estaci\u00f3 de Servei Avinyonet"},"image":{"@id":"https:\/\/gasoiladomiciliavinyonet.com\/ca\/#\/schema\/logo\/image\/"},"sameAs":["https:\/\/www.facebook.com\/Estacio.Servei.Avinyonet\/","https:\/\/www.instagram.com\/estaciodeserveiavinyonet\/"]}]}},"_links":{"self":[{"href":"https:\/\/gasoiladomiciliavinyonet.com\/ca\/wp-json\/wp\/v2\/pages\/1777","targetHints":{"allow":["GET"]}}],"collection":[{"href":"https:\/\/gasoiladomiciliavinyonet.com\/ca\/wp-json\/wp\/v2\/pages"}],"about":[{"href":"https:\/\/gasoiladomiciliavinyonet.com\/ca\/wp-json\/wp\/v2\/types\/page"}],"author":[{"embeddable":true,"href":"https:\/\/gasoiladomiciliavinyonet.com\/ca\/wp-json\/wp\/v2\/users\/1"}],"replies":[{"embeddable":true,"href":"https:\/\/gasoiladomiciliavinyonet.com\/ca\/wp-json\/wp\/v2\/comments?post=1777"}],"version-history":[{"count":5,"href":"https:\/\/gasoiladomiciliavinyonet.com\/ca\/wp-json\/wp\/v2\/pages\/1777\/revisions"}],"predecessor-version":[{"id":1787,"href":"https:\/\/gasoiladomiciliavinyonet.com\/ca\/wp-json\/wp\/v2\/pages\/1777\/revisions\/1787"}],"wp:attachment":[{"href":"https:\/\/gasoiladomiciliavinyonet.com\/ca\/wp-json\/wp\/v2\/media?parent=1777"}],"curies":[{"name":"wp","href":"https:\/\/api.w.org\/{rel}","templated":true}]}}