{"id":454,"date":"2016-05-10T03:48:21","date_gmt":"2016-05-10T03:48:21","guid":{"rendered":"https:\/\/gasoiladomiciliavinyonet.com\/inicio\/"},"modified":"2024-02-26T09:42:10","modified_gmt":"2024-02-26T09:42:10","slug":"inicio","status":"publish","type":"page","link":"https:\/\/gasoiladomiciliavinyonet.com\/ca\/","title":{"rendered":"Inici"},"content":{"rendered":"<p>[et_pb_section fb_built=&#8221;1&#8243; fullwidth=&#8221;on&#8221; _builder_version=&#8221;4.16&#8243; hover_enabled=&#8221;0&#8243; global_colors_info=&#8221;{}&#8221; sticky_enabled=&#8221;0&#8243;][et_pb_nextend_smart_slider_3_fullwidth slider=&#8221;2&#8243; _builder_version=&#8221;4.24.2&#8243; _module_preset=&#8221;default&#8221; global_colors_info=&#8221;{}&#8221; hover_enabled=&#8221;0&#8243; sticky_enabled=&#8221;0&#8243;][\/et_pb_nextend_smart_slider_3_fullwidth][\/et_pb_section][et_pb_section fb_built=&#8221;1&#8243; custom_padding_last_edited=&#8221;on|desktop&#8221; _builder_version=&#8221;4.16&#8243; background_color=&#8221;#ffffff&#8221; custom_padding_tablet=&#8221;50px|0|50px|0&#8243; custom_padding_phone=&#8221;&#8221; transparent_background=&#8221;off&#8221; padding_mobile=&#8221;off&#8221; global_colors_info=&#8221;{}&#8221;][et_pb_row padding_mobile=&#8221;off&#8221; column_padding_mobile=&#8221;on&#8221; module_class=&#8221; et_pb_row_fullwidth&#8221; _builder_version=&#8221;4.16&#8243; background_size=&#8221;initial&#8221; background_position=&#8221;top_left&#8221; background_repeat=&#8221;repeat&#8221; width=&#8221;89%&#8221; width_tablet=&#8221;80%&#8221; width_phone=&#8221;80%&#8221; width_last_edited=&#8221;on|desktop&#8221; max_width=&#8221;89%&#8221; max_width_tablet=&#8221;80%&#8221; max_width_phone=&#8221;80%&#8221; max_width_last_edited=&#8221;on|desktop&#8221; make_fullwidth=&#8221;on&#8221; global_colors_info=&#8221;{}&#8221;][et_pb_column type=&#8221;4_4&#8243; _builder_version=&#8221;4.16&#8243; custom_padding=&#8221;|||&#8221; global_colors_info=&#8221;{}&#8221; custom_padding__hover=&#8221;|||&#8221;][et_pb_cta button_url=&#8221;https:\/\/gasoiladomiciliavinyonet.com\/ca\/gasoil\/&#8221; button_text=&#8221;CONTACTAR&#8221; _builder_version=&#8221;4.24.2&#8243; background_size=&#8221;initial&#8221; background_position=&#8221;top_left&#8221; background_repeat=&#8221;repeat&#8221; hover_enabled=&#8221;0&#8243; use_border_color=&#8221;off&#8221; border_color=&#8221;#ffffff&#8221; border_style=&#8221;solid&#8221; global_colors_info=&#8221;{}&#8221; button_text_size__hover_enabled=&#8221;off&#8221; button_text_size__hover=&#8221;null&#8221; button_one_text_size__hover_enabled=&#8221;off&#8221; button_one_text_size__hover=&#8221;null&#8221; button_two_text_size__hover_enabled=&#8221;off&#8221; button_two_text_size__hover=&#8221;null&#8221; button_text_color__hover_enabled=&#8221;off&#8221; button_text_color__hover=&#8221;null&#8221; button_one_text_color__hover_enabled=&#8221;off&#8221; button_one_text_color__hover=&#8221;null&#8221; button_two_text_color__hover_enabled=&#8221;off&#8221; button_two_text_color__hover=&#8221;null&#8221; button_border_width__hover_enabled=&#8221;off&#8221; button_border_width__hover=&#8221;null&#8221; button_one_border_width__hover_enabled=&#8221;off&#8221; button_one_border_width__hover=&#8221;null&#8221; button_two_border_width__hover_enabled=&#8221;off&#8221; button_two_border_width__hover=&#8221;null&#8221; button_border_color__hover_enabled=&#8221;off&#8221; button_border_color__hover=&#8221;null&#8221; button_one_border_color__hover_enabled=&#8221;off&#8221; button_one_border_color__hover=&#8221;null&#8221; button_two_border_color__hover_enabled=&#8221;off&#8221; button_two_border_color__hover=&#8221;null&#8221; button_border_radius__hover_enabled=&#8221;off&#8221; button_border_radius__hover=&#8221;null&#8221; button_one_border_radius__hover_enabled=&#8221;off&#8221; button_one_border_radius__hover=&#8221;null&#8221; button_two_border_radius__hover_enabled=&#8221;off&#8221; button_two_border_radius__hover=&#8221;null&#8221; button_letter_spacing__hover_enabled=&#8221;off&#8221; button_letter_spacing__hover=&#8221;null&#8221; button_one_letter_spacing__hover_enabled=&#8221;off&#8221; button_one_letter_spacing__hover=&#8221;null&#8221; button_two_letter_spacing__hover_enabled=&#8221;off&#8221; button_two_letter_spacing__hover=&#8221;null&#8221; button_bg_color__hover_enabled=&#8221;off&#8221; button_bg_color__hover=&#8221;null&#8221; button_one_bg_color__hover_enabled=&#8221;off&#8221; button_one_bg_color__hover=&#8221;null&#8221; button_two_bg_color__hover_enabled=&#8221;off&#8221; button_two_bg_color__hover=&#8221;null&#8221; sticky_enabled=&#8221;0&#8243;]<\/p>\n<h1 style=\"text-align: center;\">Distribuci\u00f3 de gasoil a domicili<\/h1>\n<p>&nbsp;<\/p>\n<h4 style=\"text-align: center;\"><span class=\"category\">Venda i distribuci\u00f3 de Gasoils A, B i C per a automoci\u00f3, calefacci\u00f3, usos industrials i dom\u00e8stics. Productes accessoris i complementaris, tren de rentat i Market botiga.<\/span><\/h4>\n<p><span class=\"category\"><\/span><\/p>\n<p><span class=\"category\">Distribu\u00efm gasoil a domicili a diverses poblacions de l&#8217;Alt Empord\u00e0 com ara Figueres, Banyoles, Pla de l&#8217;Estany i Girona.<\/span><\/p>\n<p><span class=\"category\"><\/span><\/p>\n<p>[\/et_pb_cta][\/et_pb_column][\/et_pb_row][\/et_pb_section][et_pb_section fb_built=&#8221;1&#8243; admin_label=&#8221;section&#8221; _builder_version=&#8221;4.16&#8243; global_colors_info=&#8221;{}&#8221;][et_pb_row column_structure=&#8221;1_3,1_3,1_3&#8243; admin_label=&#8221;row&#8221; _builder_version=&#8221;4.16&#8243; background_size=&#8221;initial&#8221; background_position=&#8221;top_left&#8221; background_repeat=&#8221;repeat&#8221; global_colors_info=&#8221;{}&#8221;][et_pb_column type=&#8221;1_3&#8243; _builder_version=&#8221;4.16&#8243; custom_padding=&#8221;|||&#8221; global_colors_info=&#8221;{}&#8221; custom_padding__hover=&#8221;|||&#8221;][et_pb_blurb title=&#8221;Botiga&#8221; image=&#8221;https:\/\/gasoiladomiciliavinyonet.com\/wp-content\/uploads\/2024\/02\/ESAVINYONET.png&#8221; alt=&#8221;Restaurante | Estaci\u00f3 de Servei Avinyonet&#8221; admin_label=&#8221;Blurb&#8221; _builder_version=&#8221;4.24.2&#8243; background_size=&#8221;initial&#8221; background_position=&#8221;top_left&#8221; background_repeat=&#8221;repeat&#8221; text_orientation=&#8221;center&#8221; max_width_tablet=&#8221;50px&#8221; animation=&#8221;off&#8221; hover_enabled=&#8221;0&#8243; use_border_color=&#8221;off&#8221; global_colors_info=&#8221;{}&#8221; sticky_enabled=&#8221;0&#8243;]<\/p>\n<p>Conegui l&#8217;\u00e0mplia gamma de productes que tenim a la vostra disposici\u00f3 a la nostra Market botiga.<\/p>\n<p>[\/et_pb_blurb][\/et_pb_column][et_pb_column type=&#8221;1_3&#8243; _builder_version=&#8221;4.16&#8243; custom_padding=&#8221;|||&#8221; global_colors_info=&#8221;{}&#8221; custom_padding__hover=&#8221;|||&#8221;][et_pb_blurb title=&#8221;Auto Rentada&#8221; image=&#8221;https:\/\/gasoiladomiciliavinyonet.com\/wp-content\/uploads\/2017\/04\/tunel_lavado.jpeg&#8221; alt=&#8221;Autorentat | Estaci\u00f3 de Servei Avinyonet&#8221; admin_label=&#8221;Blurb&#8221; _builder_version=&#8221;4.24.2&#8243; background_size=&#8221;initial&#8221; background_position=&#8221;top_left&#8221; background_repeat=&#8221;repeat&#8221; text_orientation=&#8221;center&#8221; max_width_tablet=&#8221;50px&#8221; animation=&#8221;off&#8221; hover_enabled=&#8221;0&#8243; use_border_color=&#8221;off&#8221; global_colors_info=&#8221;{}&#8221; sticky_enabled=&#8221;0&#8243;]<\/p>\n<p>T\u00fanel de rentada i Karcher d&#8217;alta pressi\u00f3 per a vehicles i furgonetes.<\/p>\n<p>[\/et_pb_blurb][\/et_pb_column][et_pb_column type=&#8221;1_3&#8243; _builder_version=&#8221;4.16&#8243; custom_padding=&#8221;|||&#8221; global_colors_info=&#8221;{}&#8221; custom_padding__hover=&#8221;|||&#8221;][et_pb_blurb title=&#8221;Benzinera 24 h&#8221; image=&#8221;https:\/\/gasoiladomiciliavinyonet.com\/wp-content\/uploads\/2024\/02\/gasolinera.png&#8221; alt=&#8221;Gasoil | Estaci\u00f3 de Servei Avinyonet&#8221; admin_label=&#8221;Blurb&#8221; _builder_version=&#8221;4.24.2&#8243; background_size=&#8221;initial&#8221; background_position=&#8221;top_left&#8221; background_repeat=&#8221;repeat&#8221; text_orientation=&#8221;center&#8221; max_width_tablet=&#8221;50px&#8221; animation=&#8221;off&#8221; hover_enabled=&#8221;0&#8243; use_border_color=&#8221;off&#8221; global_colors_info=&#8221;{}&#8221; sticky_enabled=&#8221;0&#8243;]<\/p>\n<p>Gasoil A, bioagr\u00edcola B, calefacci\u00f3 C, gasolina 95, 98, AdBlue.<\/p>\n<p>[\/et_pb_blurb][\/et_pb_column][\/et_pb_row][\/et_pb_section][et_pb_section fb_built=&#8221;1&#8243; _builder_version=&#8221;4.16&#8243; global_colors_info=&#8221;{}&#8221;][et_pb_row _builder_version=&#8221;4.16&#8243; background_size=&#8221;initial&#8221; background_position=&#8221;top_left&#8221; background_repeat=&#8221;repeat&#8221; global_colors_info=&#8221;{}&#8221;][et_pb_column type=&#8221;4_4&#8243; _builder_version=&#8221;4.16&#8243; custom_padding=&#8221;|||&#8221; global_colors_info=&#8221;{}&#8221; custom_padding__hover=&#8221;|||&#8221;][et_pb_text _builder_version=&#8221;4.24.2&#8243; hover_enabled=&#8221;0&#8243; global_colors_info=&#8221;{}&#8221; sticky_enabled=&#8221;0&#8243;]<\/p>\n<h4 style=\"text-align: center;\"><em>Introdueix la teva adre\u00e7a exacta a Google Maps i t&#8217;apareixer\u00e0 la millor ruta per arribar a la nostra localitzaci\u00f3<\/em><\/h4>\n<p>[\/et_pb_text][et_pb_text _builder_version=&#8221;4.16&#8243; global_colors_info=&#8221;{}&#8221;]<iframe loading=\"lazy\" style=\"border: 0;\" src=\"https:\/\/www.google.com\/maps\/embed?pb=!1m18!1m12!1m3!1d20567.0857624831!2d2.8955246492086437!3d42.253491716846575!2m3!1f0!2f0!3f0!3m2!1i1024!2i768!4f13.1!3m3!1m2!1s0x12ba8ded57e36ba5%3A0xe66f3a00eeac96b5!2sEstaci%C3%B3+de+Servei+Avinyonet!5e0!3m2!1ses!2ses!4v1529612192646\" width=\"1270\" height=\"453\" frameborder=\"0\" allowfullscreen=\"allowfullscreen\"><\/iframe><br \/>\n[\/et_pb_text][\/et_pb_column][\/et_pb_row][\/et_pb_section]<\/p>\n","protected":false},"excerpt":{"rendered":"<p>Distribuci\u00f3 de gasoil a domicili &nbsp; Venda i distribuci\u00f3 de Gasoils A, B i C per a automoci\u00f3, calefacci\u00f3, usos industrials i dom\u00e8stics. Productes accessoris i complementaris, tren de rentat i Market botiga. Distribu\u00efm gasoil a domicili a diverses poblacions de l&#8217;Alt Empord\u00e0 com ara Figueres, Banyoles, Pla de l&#8217;Estany i Girona. Conegui l&#8217;\u00e0mplia gamma [&hellip;]<\/p>\n","protected":false},"author":1,"featured_media":0,"parent":0,"menu_order":0,"comment_status":"closed","ping_status":"open","template":"","meta":{"_et_pb_use_builder":"on","_et_pb_old_content":"<p>This is an example page. It's different from a blog post because it will stay in one place and will show up in your site navigation (in most themes). Most people start with an About page that introduces them to potential site visitors. It might say something like this:<\/p><blockquote><p>Hi there! I'm a bike messenger by day, aspiring actor by night, and this is my website. I live in Los Angeles, have a great dog named Jack, and I like pi\u00f1a coladas. (And gettin' caught in the rain.)<\/p><\/blockquote><p>...or something like this:<\/p><blockquote><p>The XYZ Doohickey Company was founded in 1971, and has been providing quality doohickeys to the public ever since. Located in Gotham City, XYZ employs over 2,000 people and does all kinds of awesome things for the Gotham community.<\/p><\/blockquote><p>As a new WordPress user, you should go to <a href=\"http:\/\/wp452m.a10-52-158-154.qa.plesk.ru\/wordpress\/wp-admin\/\">your dashboard<\/a> to delete this page and create new pages for your content. Have fun!<\/p>","_et_gb_content_width":"","footnotes":""},"class_list":["post-454","page","type-page","status-publish","hentry"],"yoast_head":"<!-- This site is optimized with the Yoast SEO plugin v27.4 - https:\/\/yoast.com\/product\/yoast-seo-wordpress\/ -->\n<title>Gasoil a domicili a Figueres | Estaci\u00f3 de Servei Avinyonet<\/title>\n<meta name=\"description\" content=\"Distribuci\u00f3n de gasoil a domicilio a Figueres y Alt Empord\u00e0. Venta y distribuci\u00f3n de Gas\u00f3leos A, B y C para automoci\u00f3n, usos industriales y dom\u00e9sticos.\" \/>\n<meta name=\"robots\" content=\"index, follow, max-snippet:-1, max-image-preview:large, max-video-preview:-1\" \/>\n<link rel=\"canonical\" href=\"https:\/\/gasoiladomiciliavinyonet.com\/ca\/\" \/>\n<meta property=\"og:locale\" content=\"ca_ES\" \/>\n<meta property=\"og:type\" content=\"article\" \/>\n<meta property=\"og:title\" content=\"Gasoil a domicili a Figueres | Estaci\u00f3 de Servei Avinyonet\" \/>\n<meta property=\"og:description\" content=\"Distribuci\u00f3n de gasoil a domicilio a Figueres y Alt Empord\u00e0. Venta y distribuci\u00f3n de Gas\u00f3leos A, B y C para automoci\u00f3n, usos industriales y dom\u00e9sticos.\" \/>\n<meta property=\"og:url\" content=\"https:\/\/gasoiladomiciliavinyonet.com\/ca\/\" \/>\n<meta property=\"og:site_name\" content=\"Estaci\u00f3 de Servei Avinyonet\" \/>\n<meta property=\"article:publisher\" content=\"https:\/\/www.facebook.com\/Estacio.Servei.Avinyonet\/\" \/>\n<meta property=\"article:modified_time\" content=\"2024-02-26T09:42:10+00:00\" \/>\n<meta property=\"og:image\" content=\"https:\/\/gasoiladomiciliavinyonet.com\/wp-content\/uploads\/2023\/09\/logo-ES-AVINYONET.png\" \/>\n\t<meta property=\"og:image:width\" content=\"2048\" \/>\n\t<meta property=\"og:image:height\" content=\"2048\" \/>\n\t<meta property=\"og:image:type\" content=\"image\/png\" \/>\n<meta name=\"twitter:card\" content=\"summary_large_image\" \/>\n<meta name=\"twitter:label1\" content=\"Temps estimat de lectura\" \/>\n\t<meta name=\"twitter:data1\" content=\"5 minuts\" \/>\n<!-- \/ Yoast SEO plugin. -->","yoast_head_json":{"title":"Gasoil a domicili a Figueres | Estaci\u00f3 de Servei Avinyonet","description":"Distribuci\u00f3n de gasoil a domicilio a Figueres y Alt Empord\u00e0. Venta y distribuci\u00f3n de Gas\u00f3leos A, B y C para automoci\u00f3n, usos industriales y dom\u00e9sticos.","robots":{"index":"index","follow":"follow","max-snippet":"max-snippet:-1","max-image-preview":"max-image-preview:large","max-video-preview":"max-video-preview:-1"},"canonical":"https:\/\/gasoiladomiciliavinyonet.com\/ca\/","og_locale":"ca_ES","og_type":"article","og_title":"Gasoil a domicili a Figueres | Estaci\u00f3 de Servei Avinyonet","og_description":"Distribuci\u00f3n de gasoil a domicilio a Figueres y Alt Empord\u00e0. Venta y distribuci\u00f3n de Gas\u00f3leos A, B y C para automoci\u00f3n, usos industriales y dom\u00e9sticos.","og_url":"https:\/\/gasoiladomiciliavinyonet.com\/ca\/","og_site_name":"Estaci\u00f3 de Servei Avinyonet","article_publisher":"https:\/\/www.facebook.com\/Estacio.Servei.Avinyonet\/","article_modified_time":"2024-02-26T09:42:10+00:00","og_image":[{"width":2048,"height":2048,"url":"https:\/\/gasoiladomiciliavinyonet.com\/wp-content\/uploads\/2023\/09\/logo-ES-AVINYONET.png","type":"image\/png"}],"twitter_card":"summary_large_image","twitter_misc":{"Temps estimat de lectura":"5 minuts"},"schema":{"@context":"https:\/\/schema.org","@graph":[{"@type":"WebPage","@id":"https:\/\/gasoiladomiciliavinyonet.com\/ca\/","url":"https:\/\/gasoiladomiciliavinyonet.com\/ca\/","name":"Gasoil a domicili a Figueres | Estaci\u00f3 de Servei Avinyonet","isPartOf":{"@id":"https:\/\/gasoiladomiciliavinyonet.com\/ca\/#website"},"datePublished":"2016-05-10T03:48:21+00:00","dateModified":"2024-02-26T09:42:10+00:00","description":"Distribuci\u00f3n de gasoil a domicilio a Figueres y Alt Empord\u00e0. Venta y distribuci\u00f3n de Gas\u00f3leos A, B y C para automoci\u00f3n, usos industriales y dom\u00e9sticos.","breadcrumb":{"@id":"https:\/\/gasoiladomiciliavinyonet.com\/ca\/#breadcrumb"},"inLanguage":"ca","potentialAction":[{"@type":"ReadAction","target":["https:\/\/gasoiladomiciliavinyonet.com\/ca\/"]}]},{"@type":"BreadcrumbList","@id":"https:\/\/gasoiladomiciliavinyonet.com\/ca\/#breadcrumb","itemListElement":[{"@type":"ListItem","position":1,"name":"Portada","item":"https:\/\/gasoiladomiciliavinyonet.com\/ca\/"},{"@type":"ListItem","position":2,"name":"Inici"}]},{"@type":"WebSite","@id":"https:\/\/gasoiladomiciliavinyonet.com\/ca\/#website","url":"https:\/\/gasoiladomiciliavinyonet.com\/ca\/","name":"Estaci\u00f3 de Servei Avonyonet","description":"Distribuci\u00f3n de gas\u00f3leos a domicilio","publisher":{"@id":"https:\/\/gasoiladomiciliavinyonet.com\/ca\/#organization"},"potentialAction":[{"@type":"SearchAction","target":{"@type":"EntryPoint","urlTemplate":"https:\/\/gasoiladomiciliavinyonet.com\/ca\/?s={search_term_string}"},"query-input":{"@type":"PropertyValueSpecification","valueRequired":true,"valueName":"search_term_string"}}],"inLanguage":"ca"},{"@type":"Organization","@id":"https:\/\/gasoiladomiciliavinyonet.com\/ca\/#organization","name":"Estaci\u00f3 de Servei Avinyonet","url":"https:\/\/gasoiladomiciliavinyonet.com\/ca\/","logo":{"@type":"ImageObject","inLanguage":"ca","@id":"https:\/\/gasoiladomiciliavinyonet.com\/ca\/#\/schema\/logo\/image\/","url":"https:\/\/gasoiladomiciliavinyonet.com\/wp-content\/uploads\/2023\/09\/logo-ES-AVINYONET.png","contentUrl":"https:\/\/gasoiladomiciliavinyonet.com\/wp-content\/uploads\/2023\/09\/logo-ES-AVINYONET.png","width":2048,"height":2048,"caption":"Estaci\u00f3 de Servei Avinyonet"},"image":{"@id":"https:\/\/gasoiladomiciliavinyonet.com\/ca\/#\/schema\/logo\/image\/"},"sameAs":["https:\/\/www.facebook.com\/Estacio.Servei.Avinyonet\/","https:\/\/www.instagram.com\/estaciodeserveiavinyonet\/"]}]}},"_links":{"self":[{"href":"https:\/\/gasoiladomiciliavinyonet.com\/ca\/wp-json\/wp\/v2\/pages\/454","targetHints":{"allow":["GET"]}}],"collection":[{"href":"https:\/\/gasoiladomiciliavinyonet.com\/ca\/wp-json\/wp\/v2\/pages"}],"about":[{"href":"https:\/\/gasoiladomiciliavinyonet.com\/ca\/wp-json\/wp\/v2\/types\/page"}],"author":[{"embeddable":true,"href":"https:\/\/gasoiladomiciliavinyonet.com\/ca\/wp-json\/wp\/v2\/users\/1"}],"replies":[{"embeddable":true,"href":"https:\/\/gasoiladomiciliavinyonet.com\/ca\/wp-json\/wp\/v2\/comments?post=454"}],"version-history":[{"count":0,"href":"https:\/\/gasoiladomiciliavinyonet.com\/ca\/wp-json\/wp\/v2\/pages\/454\/revisions"}],"wp:attachment":[{"href":"https:\/\/gasoiladomiciliavinyonet.com\/ca\/wp-json\/wp\/v2\/media?parent=454"}],"curies":[{"name":"wp","href":"https:\/\/api.w.org\/{rel}","templated":true}]}}