{"id":469,"date":"2016-09-28T10:35:09","date_gmt":"2016-09-28T10:35:09","guid":{"rendered":"https:\/\/gasoiladomiciliavinyonet.com\/ca\/empresa\/"},"modified":"2018-07-12T14:48:30","modified_gmt":"2018-07-12T14:48:30","slug":"empresa","status":"publish","type":"page","link":"https:\/\/gasoiladomiciliavinyonet.com\/ca\/empresa\/","title":{"rendered":"Empresa"},"content":{"rendered":"<p>[et_pb_section bb_built=&#8221;1&#8243; fullwidth=&#8221;on&#8221; _builder_version=&#8221;3.0.47&#8243; next_background_color=&#8221;#000000&#8243;][et_pb_fullwidth_image src=&#8221;https:\/\/gasoiladomiciliavinyonet.com\/wp-content\/uploads\/2018\/07\/gasoil_avinyonet-1.jpg&#8221; _builder_version=&#8221;3.6&#8243; \/][\/et_pb_section][et_pb_section bb_built=&#8221;1&#8243; admin_label=&#8221;section&#8221; _builder_version=&#8221;3.0.47&#8243; prev_background_color=&#8221;#000000&#8243;][et_pb_row admin_label=&#8221;row&#8221; _builder_version=&#8221;3.0.47&#8243; background_size=&#8221;initial&#8221; background_position=&#8221;top_left&#8221; background_repeat=&#8221;repeat&#8221;][et_pb_column type=&#8221;4_4&#8243;][et_pb_post_title meta=&#8221;off&#8221; featured_image=&#8221;off&#8221; text_color=&#8221;light&#8221; text_background=&#8221;on&#8221; text_bg_color=&#8221;#269f72&#8243; _builder_version=&#8221;3.0.87&#8243; title_all_caps=&#8221;off&#8221; background_color=&#8221;rgba(255,255,255,0)&#8221; parallax=&#8221;on&#8221; use_border_color=&#8221;off&#8221; border_color=&#8221;#ffffff&#8221; border_style=&#8221;solid&#8221; parallax_effect=&#8221;on&#8221; module_bg_color=&#8221;rgba(255,255,255,0)&#8221; \/][et_pb_text _builder_version=&#8221;3.6&#8243; background_size=&#8221;initial&#8221; background_position=&#8221;top_left&#8221; background_repeat=&#8221;repeat&#8221; use_border_color=&#8221;off&#8221; border_color=&#8221;#ffffff&#8221; border_style=&#8221;solid&#8221;]<\/p>\n<p>A <b>Estaci\u00f3 de Servei Avinyonet<\/b> ens caracteritzem pel tracte familiar que tenim amb els nostres clients, la rapidesa dels subministraments de gasoil a domicili i els preus competitius. Som una empresa amb \u00e0mplia experi\u00e8ncia dedicada a la <b>distribuci\u00f3 de gasoils<\/b> amb alts est\u00e0ndards de qualitat.<\/p>\n<p>Distribu\u00efm gasoil a domicili a diverses poblacions de l&#8217;Alt Empord\u00e0 com Figueres, Banyoles, Pla de l&#8217;Estany i Girona.<\/p>\n<p>A Estaci\u00f3 de Servei Avinyonet, t\u00e9 la comoditat de tenir tots els serveis que pugui necessitar en el mateix lloc les 24 h. (tren de rentat, market tenda, etc.) sense necessitar despla\u00e7ar-se a un altre lloc.<\/p>\n<p>Estem situats en un entorn rural amb una excel\u00b7lent vista a la zona de l&#8217;Alt Empord\u00e0 (Girona), a dos minuts de Figueres. Conegui la nostra <a href=\"https:\/\/www.google.com\/maps?ll=42.254662,2.943639&amp;z=14&amp;t=m&amp;hl=es-ES&amp;gl=US&amp;mapclient=embed&amp;cid=16604554126817007285\">ubicaci\u00f3<\/a>.<\/p>\n<p>Treballem amb <b>personal qualificat<\/b> que s&#8217;encarrega de realitzar els treballs sol\u00b7licitats pels clients i a oferir una atenci\u00f3 personalitzada i tracte amable.<\/p>\n<p>Gr\u00e0cies al nostre treball constant i a les millores en els serveis, hem aconseguit posicionar-nos com una de les millors estacions de servei de la localitat a<b> Avinyonet de Puigvent\u00f3s<\/b>.<\/p>\n<p>Conegui l&#8217;\u00e0mplia gamma de productes que tenim a la seva disposici\u00f3 i contacti amb nosaltres per <a href=\"http:\/\/gasoiladomiciliavinyonet.com\/contacto\/\">m\u00e9s informaci\u00f3<\/a>.<\/p>\n<p>[\/et_pb_text][\/et_pb_column][\/et_pb_row][\/et_pb_section]<\/p>\n","protected":false},"excerpt":{"rendered":"<p>A Estaci\u00f3 de Servei Avinyonet ens caracteritzem pel tracte familiar que tenim amb els nostres clients, la rapidesa dels subministraments de gasoil a domicili i els preus competitius. Som una empresa amb \u00e0mplia experi\u00e8ncia dedicada a la distribuci\u00f3 de gasoils amb alts est\u00e0ndards de qualitat. Distribu\u00efm gasoil a domicili a diverses poblacions de l&#8217;Alt Empord\u00e0 [&hellip;]<\/p>\n","protected":false},"author":1,"featured_media":0,"parent":0,"menu_order":0,"comment_status":"closed","ping_status":"closed","template":"","meta":{"_et_pb_use_builder":"on","_et_pb_old_content":"<div>En <b>Estaci\u00f3 de Servei Avinyonet<\/b> nos caracterizamos por el trato familiar que tenemos con nuestros clientes, la rapidez de los suministros a domicilio y los precios competitivos. En el <b>restaurante<\/b> ofrecemos comida de calidad con unos precios ajustados y en un entorno familiar.<\/div><div>\u00a0<\/div><div><div>La <b>comodidad<\/b> de tener todos los servicios que pueden necesitar en el mismo lugar sin necesitar desplazarse es fundamental. Estamos ubicados en un entorno rural con excelente vista a la zona de Alt Empord\u00e0, a dos minutos de Figueres. Conozca m\u00e1s sobre nosotros.<\/div><div>\u00a0<\/div><\/div><div><div>Somos <b>Estaci\u00f3 de Servei Avinyonet<\/b>, una empresa con amplia experiencia dedicada a la <b>distribuci\u00f3n de gas\u00f3leos<\/b> con altos est\u00e1ndares de calidad.<\/div><div>\u00a0<\/div><div>Trabajamos con <b>personal cualificado<\/b> que se encarga de realizar los trabajos solicitados por los clientes y de ofrecer atenci\u00f3n personalizada y un trato amable.<\/div><div>\u00a0<\/div><div>Gracias a nuestro trabajo constante y a las mejoras en los servicios hemos logrado posicionarnos como una de las mejores estaciones de servicio de la localidad de<b> Avinyonet de Puigvent\u00f3s<\/b>.<\/div><div>\u00a0<\/div><div>Conozca la amplia gama de productos que tenemos a su disposici\u00f3n.<\/div><\/div>","_et_gb_content_width":"","footnotes":""},"class_list":["post-469","page","type-page","status-publish","hentry"],"yoast_head":"<!-- This site is optimized with the Yoast SEO plugin v27.4 - https:\/\/yoast.com\/product\/yoast-seo-wordpress\/ -->\n<title>Gasoil a domicilio en Figueres | Estaci\u00f3 de Servei Avinyonet<\/title>\n<meta name=\"description\" content=\"Distribuimos gasoil a domicilio en Figueres. Ofrecemos rapidez en la entrega de los suministros a domicilio de Gasoil Agr\u00edcola y Gasoil Calefacci\u00f3n.\" \/>\n<meta name=\"robots\" content=\"index, follow, max-snippet:-1, max-image-preview:large, max-video-preview:-1\" \/>\n<link rel=\"canonical\" href=\"https:\/\/gasoiladomiciliavinyonet.com\/ca\/empresa\/\" \/>\n<meta property=\"og:locale\" content=\"ca_ES\" \/>\n<meta property=\"og:type\" content=\"article\" \/>\n<meta property=\"og:title\" content=\"Gasoil a domicilio en Figueres | Estaci\u00f3 de Servei Avinyonet\" \/>\n<meta property=\"og:description\" content=\"Distribuimos gasoil a domicilio en Figueres. Ofrecemos rapidez en la entrega de los suministros a domicilio de Gasoil Agr\u00edcola y Gasoil Calefacci\u00f3n.\" \/>\n<meta property=\"og:url\" content=\"https:\/\/gasoiladomiciliavinyonet.com\/ca\/empresa\/\" \/>\n<meta property=\"og:site_name\" content=\"Estaci\u00f3 de Servei Avinyonet\" \/>\n<meta property=\"article:publisher\" content=\"https:\/\/www.facebook.com\/Estacio.Servei.Avinyonet\/\" \/>\n<meta property=\"article:modified_time\" content=\"2018-07-12T14:48:30+00:00\" \/>\n<meta property=\"og:image\" content=\"https:\/\/gasoiladomiciliavinyonet.com\/wp-content\/uploads\/2023\/09\/logo-ES-AVINYONET.png\" \/>\n\t<meta property=\"og:image:width\" content=\"2048\" \/>\n\t<meta property=\"og:image:height\" content=\"2048\" \/>\n\t<meta property=\"og:image:type\" content=\"image\/png\" \/>\n<meta name=\"twitter:card\" content=\"summary_large_image\" \/>\n<meta name=\"twitter:label1\" content=\"Temps estimat de lectura\" \/>\n\t<meta name=\"twitter:data1\" content=\"2 minuts\" \/>\n<!-- \/ Yoast SEO plugin. -->","yoast_head_json":{"title":"Gasoil a domicilio en Figueres | Estaci\u00f3 de Servei Avinyonet","description":"Distribuimos gasoil a domicilio en Figueres. Ofrecemos rapidez en la entrega de los suministros a domicilio de Gasoil Agr\u00edcola y Gasoil Calefacci\u00f3n.","robots":{"index":"index","follow":"follow","max-snippet":"max-snippet:-1","max-image-preview":"max-image-preview:large","max-video-preview":"max-video-preview:-1"},"canonical":"https:\/\/gasoiladomiciliavinyonet.com\/ca\/empresa\/","og_locale":"ca_ES","og_type":"article","og_title":"Gasoil a domicilio en Figueres | Estaci\u00f3 de Servei Avinyonet","og_description":"Distribuimos gasoil a domicilio en Figueres. Ofrecemos rapidez en la entrega de los suministros a domicilio de Gasoil Agr\u00edcola y Gasoil Calefacci\u00f3n.","og_url":"https:\/\/gasoiladomiciliavinyonet.com\/ca\/empresa\/","og_site_name":"Estaci\u00f3 de Servei Avinyonet","article_publisher":"https:\/\/www.facebook.com\/Estacio.Servei.Avinyonet\/","article_modified_time":"2018-07-12T14:48:30+00:00","og_image":[{"width":2048,"height":2048,"url":"https:\/\/gasoiladomiciliavinyonet.com\/wp-content\/uploads\/2023\/09\/logo-ES-AVINYONET.png","type":"image\/png"}],"twitter_card":"summary_large_image","twitter_misc":{"Temps estimat de lectura":"2 minuts"},"schema":{"@context":"https:\/\/schema.org","@graph":[{"@type":"WebPage","@id":"https:\/\/gasoiladomiciliavinyonet.com\/ca\/empresa\/","url":"https:\/\/gasoiladomiciliavinyonet.com\/ca\/empresa\/","name":"Gasoil a domicilio en Figueres | Estaci\u00f3 de Servei Avinyonet","isPartOf":{"@id":"https:\/\/gasoiladomiciliavinyonet.com\/ca\/#website"},"datePublished":"2016-09-28T10:35:09+00:00","dateModified":"2018-07-12T14:48:30+00:00","description":"Distribuimos gasoil a domicilio en Figueres. Ofrecemos rapidez en la entrega de los suministros a domicilio de Gasoil Agr\u00edcola y Gasoil Calefacci\u00f3n.","breadcrumb":{"@id":"https:\/\/gasoiladomiciliavinyonet.com\/ca\/empresa\/#breadcrumb"},"inLanguage":"ca","potentialAction":[{"@type":"ReadAction","target":["https:\/\/gasoiladomiciliavinyonet.com\/ca\/empresa\/"]}]},{"@type":"BreadcrumbList","@id":"https:\/\/gasoiladomiciliavinyonet.com\/ca\/empresa\/#breadcrumb","itemListElement":[{"@type":"ListItem","position":1,"name":"Portada","item":"https:\/\/gasoiladomiciliavinyonet.com\/ca\/"},{"@type":"ListItem","position":2,"name":"Empresa"}]},{"@type":"WebSite","@id":"https:\/\/gasoiladomiciliavinyonet.com\/ca\/#website","url":"https:\/\/gasoiladomiciliavinyonet.com\/ca\/","name":"Estaci\u00f3 de Servei Avonyonet","description":"Distribuci\u00f3n de gas\u00f3leos a domicilio","publisher":{"@id":"https:\/\/gasoiladomiciliavinyonet.com\/ca\/#organization"},"potentialAction":[{"@type":"SearchAction","target":{"@type":"EntryPoint","urlTemplate":"https:\/\/gasoiladomiciliavinyonet.com\/ca\/?s={search_term_string}"},"query-input":{"@type":"PropertyValueSpecification","valueRequired":true,"valueName":"search_term_string"}}],"inLanguage":"ca"},{"@type":"Organization","@id":"https:\/\/gasoiladomiciliavinyonet.com\/ca\/#organization","name":"Estaci\u00f3 de Servei Avinyonet","url":"https:\/\/gasoiladomiciliavinyonet.com\/ca\/","logo":{"@type":"ImageObject","inLanguage":"ca","@id":"https:\/\/gasoiladomiciliavinyonet.com\/ca\/#\/schema\/logo\/image\/","url":"https:\/\/gasoiladomiciliavinyonet.com\/wp-content\/uploads\/2023\/09\/logo-ES-AVINYONET.png","contentUrl":"https:\/\/gasoiladomiciliavinyonet.com\/wp-content\/uploads\/2023\/09\/logo-ES-AVINYONET.png","width":2048,"height":2048,"caption":"Estaci\u00f3 de Servei Avinyonet"},"image":{"@id":"https:\/\/gasoiladomiciliavinyonet.com\/ca\/#\/schema\/logo\/image\/"},"sameAs":["https:\/\/www.facebook.com\/Estacio.Servei.Avinyonet\/","https:\/\/www.instagram.com\/estaciodeserveiavinyonet\/"]}]}},"_links":{"self":[{"href":"https:\/\/gasoiladomiciliavinyonet.com\/ca\/wp-json\/wp\/v2\/pages\/469","targetHints":{"allow":["GET"]}}],"collection":[{"href":"https:\/\/gasoiladomiciliavinyonet.com\/ca\/wp-json\/wp\/v2\/pages"}],"about":[{"href":"https:\/\/gasoiladomiciliavinyonet.com\/ca\/wp-json\/wp\/v2\/types\/page"}],"author":[{"embeddable":true,"href":"https:\/\/gasoiladomiciliavinyonet.com\/ca\/wp-json\/wp\/v2\/users\/1"}],"replies":[{"embeddable":true,"href":"https:\/\/gasoiladomiciliavinyonet.com\/ca\/wp-json\/wp\/v2\/comments?post=469"}],"version-history":[{"count":0,"href":"https:\/\/gasoiladomiciliavinyonet.com\/ca\/wp-json\/wp\/v2\/pages\/469\/revisions"}],"wp:attachment":[{"href":"https:\/\/gasoiladomiciliavinyonet.com\/ca\/wp-json\/wp\/v2\/media?parent=469"}],"curies":[{"name":"wp","href":"https:\/\/api.w.org\/{rel}","templated":true}]}}