{"id":474,"date":"2016-09-28T10:57:13","date_gmt":"2016-09-28T10:57:13","guid":{"rendered":"https:\/\/gasoiladomiciliavinyonet.com\/ca\/gasoil\/"},"modified":"2022-04-28T17:12:03","modified_gmt":"2022-04-28T17:12:03","slug":"gasoil","status":"publish","type":"page","link":"https:\/\/gasoiladomiciliavinyonet.com\/ca\/gasoil\/","title":{"rendered":"Contacte"},"content":{"rendered":"<p>[et_pb_section bb_built=&#8221;1&#8243; fullwidth=&#8221;off&#8221; specialty=&#8221;off&#8221;][et_pb_row][et_pb_column type=&#8221;4_4&#8243;][et_pb_text _builder_version=&#8221;3.6&#8243;]<\/p>\n<h4><em>Introdueix la teva adre\u00e7a exacta a Google Maps i t&#8217;apareixer\u00e0 la millor ruta per arribar a la nostra localitzaci\u00f3<\/em><\/h4>\n<p>&nbsp;<\/p>\n<p>[\/et_pb_text][et_pb_text _builder_version=&#8221;3.9&#8243;]<\/p>\n<p><iframe loading=\"lazy\" style=\"border: 0;\" src=\"https:\/\/www.google.com\/maps\/embed?pb=!1m18!1m12!1m3!1d20567.0857624831!2d2.8955246492086437!3d42.253491716846575!2m3!1f0!2f0!3f0!3m2!1i1024!2i768!4f13.1!3m3!1m2!1s0x12ba8ded57e36ba5%3A0xe66f3a00eeac96b5!2sEstaci%C3%B3+de+Servei+Avinyonet!5e0!3m2!1ses!2ses!4v1529612192646\" allowfullscreen=\"allowfullscreen\" width=\"1270\" height=\"453\" frameborder=\"0\"><\/iframe><\/p>\n<p>[\/et_pb_text][\/et_pb_column][\/et_pb_row][et_pb_row][et_pb_column type=&#8221;2_3&#8243;][et_pb_text _builder_version=&#8221;3.6&#8243;]<\/p>\n<h3>Contacta amb nosaltres<\/h3>\n<p>[\/et_pb_text][et_pb_text _builder_version=&#8221;3.6&#8243;]<\/p>\n\n<div class=\"wpcf7 no-js\" id=\"wpcf7-f420-o1\" lang=\"es-ES\" dir=\"ltr\" data-wpcf7-id=\"420\">\n<div class=\"screen-reader-response\"><p role=\"status\" aria-live=\"polite\" aria-atomic=\"true\"><\/p> <ul><\/ul><\/div>\n<form action=\"\/ca\/wp-json\/wp\/v2\/pages\/474#wpcf7-f420-o1\" method=\"post\" class=\"wpcf7-form init\" aria-label=\"Formulario de contacto\" novalidate=\"novalidate\" data-status=\"init\">\n<fieldset class=\"hidden-fields-container\"><input type=\"hidden\" name=\"_wpcf7\" value=\"420\" \/><input type=\"hidden\" name=\"_wpcf7_version\" value=\"6.1.5\" \/><input type=\"hidden\" name=\"_wpcf7_locale\" value=\"es_ES\" \/><input type=\"hidden\" name=\"_wpcf7_unit_tag\" value=\"wpcf7-f420-o1\" \/><input type=\"hidden\" name=\"_wpcf7_container_post\" value=\"0\" \/><input type=\"hidden\" name=\"_wpcf7_posted_data_hash\" value=\"\" \/>\n<\/fieldset>\n<p><label> El teu nom (requerit)<br \/>\n<span class=\"wpcf7-form-control-wrap\" data-name=\"your-name\"><input size=\"40\" maxlength=\"400\" class=\"wpcf7-form-control wpcf7-text wpcf7-validates-as-required\" aria-required=\"true\" aria-invalid=\"false\" value=\"\" type=\"text\" name=\"your-name\" \/><\/span> <\/label>\n<\/p>\n<p><label> El teu correu electr\u00f2nic (requerit)<br \/>\n<span class=\"wpcf7-form-control-wrap\" data-name=\"your-email\"><input size=\"40\" maxlength=\"400\" class=\"wpcf7-form-control wpcf7-email wpcf7-validates-as-required wpcf7-text wpcf7-validates-as-email\" aria-required=\"true\" aria-invalid=\"false\" value=\"\" type=\"email\" name=\"your-email\" \/><\/span> <\/label>\n<\/p>\n<p><label> Assumpte<br \/>\n<span class=\"wpcf7-form-control-wrap\" data-name=\"your-subject\"><input size=\"40\" maxlength=\"400\" class=\"wpcf7-form-control wpcf7-text\" aria-invalid=\"false\" value=\"\" type=\"text\" name=\"your-subject\" \/><\/span> <\/label>\n<\/p>\n<p><label> Missatge<br \/>\n<span class=\"wpcf7-form-control-wrap\" data-name=\"your-message\"><textarea cols=\"40\" rows=\"10\" maxlength=\"2000\" class=\"wpcf7-form-control wpcf7-textarea\" aria-invalid=\"false\" name=\"your-message\"><\/textarea><\/span> <\/label>\n<\/p>\n<p><span><span class=\"wpcf7-form-control-wrap\" data-name=\"acceptance-279\"><span class=\"wpcf7-form-control wpcf7-acceptance\"><span class=\"wpcf7-list-item\"><input type=\"checkbox\" name=\"acceptance-279\" value=\"1\" aria-invalid=\"false\" \/><\/span><\/span><\/span> He llegit y accepto la <a target=\"_blank\" rel=\"nofollow noopener noreferrer\" href=\"https:\/\/gasoiladomiciliavinyonet.com\/politica-de-privacidad\">Pol\u00edtica de Privacitat<\/a>.<\/span>\n<\/p>\n<p><input class=\"wpcf7-form-control wpcf7-submit has-spinner\" type=\"submit\" value=\"Enviar\" \/>\n<\/p><div class=\"wpcf7-response-output\" aria-hidden=\"true\"><\/div>\n<\/form>\n<\/div>\n\n<p>[\/et_pb_text][\/et_pb_column][et_pb_column type=&#8221;1_3&#8243;][et_pb_text admin_label=&#8221;Text&#8221; use_border_color=&#8221;off&#8221; background_position=&#8221;top_left&#8221; background_repeat=&#8221;repeat&#8221; background_size=&#8221;initial&#8221; _builder_version=&#8221;3.6&#8243;]<\/p>\n<h3>Estaci\u00f3 de Servei Avinyonet<\/h3>\n<p>Aposti per la qualitat i el bon preu, estarem encantats d&#8217;atendre&#8217;t<\/p>\n<p><strong>Adre\u00e7a<\/strong><br \/>\nCarretera de Besal\u00fa a Roses, km 41<br \/>\n17742 Avinyonet de Puigvent\u00f3s, Girona<\/p>\n<p><strong>Tel\u00e8fon:<\/strong> <span id=\"et-info-phone\">972 546 768<\/span><\/p>\n<p><strong>Email: <\/strong><a href=\"mailto:esavinyonet@infosistemes.net\"><span id=\"et-info-email\">esavinyonet@infosistemes.net<\/span><\/a><\/p>\n<p>[\/et_pb_text][\/et_pb_column][\/et_pb_row][\/et_pb_section]<\/p>\n","protected":false},"excerpt":{"rendered":"<p><div class=\"et_pb_row et_pb_row_0 et_pb_row_empty\">\n\t\t\t\t\n\t\t\t\t\n\t\t\t\t\n\t\t\t\t\n\t\t\t\t\n\t\t\t<\/div> Introdueix la teva adre\u00e7a exacta a Google Maps i t&#8217;apareixer\u00e0 la millor ruta per arribar a la nostra localitzaci\u00f3 &nbsp; <div class=\"et_pb_row et_pb_row_1 et_pb_row_empty\">\n\t\t\t\t\n\t\t\t\t\n\t\t\t\t\n\t\t\t\t\n\t\t\t\t\n\t\t\t<\/div> Contacta amb nosaltres \n<div class=\"wpcf7 no-js\" id=\"wpcf7-f420-o2\" lang=\"es-ES\" dir=\"ltr\" data-wpcf7-id=\"420\">\n<div class=\"screen-reader-response\"><p role=\"status\" aria-live=\"polite\" aria-atomic=\"true\"><\/p> <ul><\/ul><\/div>\n<form action=\"\/ca\/wp-json\/wp\/v2\/pages\/474#wpcf7-f420-o2\" method=\"post\" class=\"wpcf7-form init\" aria-label=\"Formulario de contacto\" novalidate=\"novalidate\" data-status=\"init\">\n<fieldset class=\"hidden-fields-container\"><input type=\"hidden\" name=\"_wpcf7\" value=\"420\" \/><input type=\"hidden\" name=\"_wpcf7_version\" value=\"6.1.5\" \/><input type=\"hidden\" name=\"_wpcf7_locale\" value=\"es_ES\" \/><input type=\"hidden\" name=\"_wpcf7_unit_tag\" value=\"wpcf7-f420-o2\" \/><input type=\"hidden\" name=\"_wpcf7_container_post\" value=\"0\" \/><input type=\"hidden\" name=\"_wpcf7_posted_data_hash\" value=\"\" \/>\n<\/fieldset>\n<p><label> El teu nom (requerit)<br \/>\n<span class=\"wpcf7-form-control-wrap\" data-name=\"your-name\"><input size=\"40\" maxlength=\"400\" class=\"wpcf7-form-control wpcf7-text wpcf7-validates-as-required\" aria-required=\"true\" aria-invalid=\"false\" value=\"\" type=\"text\" name=\"your-name\" \/><\/span> <\/label>\n<\/p>\n<p><label> El teu correu electr\u00f2nic (requerit)<br \/>\n<span class=\"wpcf7-form-control-wrap\" data-name=\"your-email\"><input size=\"40\" maxlength=\"400\" class=\"wpcf7-form-control wpcf7-email wpcf7-validates-as-required wpcf7-text wpcf7-validates-as-email\" aria-required=\"true\" aria-invalid=\"false\" value=\"\" type=\"email\" name=\"your-email\" \/><\/span> <\/label>\n<\/p>\n<p><label> Assumpte<br \/>\n<span class=\"wpcf7-form-control-wrap\" data-name=\"your-subject\"><input size=\"40\" maxlength=\"400\" class=\"wpcf7-form-control wpcf7-text\" aria-invalid=\"false\" value=\"\" type=\"text\" name=\"your-subject\" \/><\/span> <\/label>\n<\/p>\n<p><label> Missatge<br \/>\n<span class=\"wpcf7-form-control-wrap\" data-name=\"your-message\"><textarea cols=\"40\" rows=\"10\" maxlength=\"2000\" class=\"wpcf7-form-control wpcf7-textarea\" aria-invalid=\"false\" name=\"your-message\"><\/textarea><\/span> <\/label>\n<\/p>\n<p><span><span class=\"wpcf7-form-control-wrap\" data-name=\"acceptance-279\"><span class=\"wpcf7-form-control wpcf7-acceptance\"><span class=\"wpcf7-list-item\"><input type=\"checkbox\" name=\"acceptance-279\" value=\"1\" aria-invalid=\"false\" \/><\/span><\/span><\/span> He llegit y accepto la <a target=\"_blank\" rel=\"nofollow noopener noreferrer\" href=\"https:\/\/gasoiladomiciliavinyonet.com\/politica-de-privacidad\">Pol\u00edtica de Privacitat<\/a>.<\/span>\n<\/p>\n<p><input class=\"wpcf7-form-control wpcf7-submit has-spinner\" type=\"submit\" value=\"Enviar\" \/>\n<\/p><div class=\"wpcf7-response-output\" aria-hidden=\"true\"><\/div>\n<\/form>\n<\/div>\n Estaci\u00f3 de Servei Avinyonet Aposti per la qualitat i el bon preu, estarem encantats d&#8217;atendre&#8217;t Adre\u00e7a Carretera de Besal\u00fa a Roses, km 41 17742 Avinyonet [&hellip;]<\/p>\n","protected":false},"author":1,"featured_media":0,"parent":0,"menu_order":0,"comment_status":"closed","ping_status":"closed","template":"","meta":{"_et_pb_use_builder":"on","_et_pb_old_content":"","_et_gb_content_width":"","footnotes":""},"class_list":["post-474","page","type-page","status-publish","hentry"],"yoast_head":"<!-- This site is optimized with the Yoast SEO plugin v27.4 - https:\/\/yoast.com\/product\/yoast-seo-wordpress\/ -->\n<title>Gasoil a domicilio Figueres | Estaci\u00f3 de Servei Avinyonet<\/title>\n<meta name=\"description\" content=\"Gasoil a domicilio en Figueres. Venta y distribuci\u00f3n de Gas\u00f3leos A, B y C para automoci\u00f3n, usos industriales y dom\u00e9sticos a domicilio. Cont\u00e1ctanos.\" \/>\n<meta name=\"robots\" content=\"index, follow, max-snippet:-1, max-image-preview:large, max-video-preview:-1\" \/>\n<link rel=\"canonical\" href=\"https:\/\/gasoiladomiciliavinyonet.com\/ca\/gasoil\/\" \/>\n<meta property=\"og:locale\" content=\"ca_ES\" \/>\n<meta property=\"og:type\" content=\"article\" \/>\n<meta property=\"og:title\" content=\"Gasoil a domicilio Figueres | Estaci\u00f3 de Servei Avinyonet\" \/>\n<meta property=\"og:description\" content=\"Gasoil a domicilio en Figueres. Venta y distribuci\u00f3n de Gas\u00f3leos A, B y C para automoci\u00f3n, usos industriales y dom\u00e9sticos a domicilio. Cont\u00e1ctanos.\" \/>\n<meta property=\"og:url\" content=\"https:\/\/gasoiladomiciliavinyonet.com\/ca\/gasoil\/\" \/>\n<meta property=\"og:site_name\" content=\"Estaci\u00f3 de Servei Avinyonet\" \/>\n<meta property=\"article:publisher\" content=\"https:\/\/www.facebook.com\/Estacio.Servei.Avinyonet\/\" \/>\n<meta property=\"article:modified_time\" content=\"2022-04-28T17:12:03+00:00\" \/>\n<meta property=\"og:image\" content=\"https:\/\/gasoiladomiciliavinyonet.com\/wp-content\/uploads\/2023\/09\/logo-ES-AVINYONET.png\" \/>\n\t<meta property=\"og:image:width\" content=\"2048\" \/>\n\t<meta property=\"og:image:height\" content=\"2048\" \/>\n\t<meta property=\"og:image:type\" content=\"image\/png\" \/>\n<meta name=\"twitter:card\" content=\"summary_large_image\" \/>\n<meta name=\"twitter:label1\" content=\"Temps estimat de lectura\" \/>\n\t<meta name=\"twitter:data1\" content=\"1 minut\" \/>\n<!-- \/ Yoast SEO plugin. -->","yoast_head_json":{"title":"Gasoil a domicilio Figueres | Estaci\u00f3 de Servei Avinyonet","description":"Gasoil a domicilio en Figueres. Venta y distribuci\u00f3n de Gas\u00f3leos A, B y C para automoci\u00f3n, usos industriales y dom\u00e9sticos a domicilio. Cont\u00e1ctanos.","robots":{"index":"index","follow":"follow","max-snippet":"max-snippet:-1","max-image-preview":"max-image-preview:large","max-video-preview":"max-video-preview:-1"},"canonical":"https:\/\/gasoiladomiciliavinyonet.com\/ca\/gasoil\/","og_locale":"ca_ES","og_type":"article","og_title":"Gasoil a domicilio Figueres | Estaci\u00f3 de Servei Avinyonet","og_description":"Gasoil a domicilio en Figueres. Venta y distribuci\u00f3n de Gas\u00f3leos A, B y C para automoci\u00f3n, usos industriales y dom\u00e9sticos a domicilio. Cont\u00e1ctanos.","og_url":"https:\/\/gasoiladomiciliavinyonet.com\/ca\/gasoil\/","og_site_name":"Estaci\u00f3 de Servei Avinyonet","article_publisher":"https:\/\/www.facebook.com\/Estacio.Servei.Avinyonet\/","article_modified_time":"2022-04-28T17:12:03+00:00","og_image":[{"width":2048,"height":2048,"url":"https:\/\/gasoiladomiciliavinyonet.com\/wp-content\/uploads\/2023\/09\/logo-ES-AVINYONET.png","type":"image\/png"}],"twitter_card":"summary_large_image","twitter_misc":{"Temps estimat de lectura":"1 minut"},"schema":{"@context":"https:\/\/schema.org","@graph":[{"@type":"WebPage","@id":"https:\/\/gasoiladomiciliavinyonet.com\/ca\/gasoil\/","url":"https:\/\/gasoiladomiciliavinyonet.com\/ca\/gasoil\/","name":"Gasoil a domicilio Figueres | Estaci\u00f3 de Servei Avinyonet","isPartOf":{"@id":"https:\/\/gasoiladomiciliavinyonet.com\/ca\/#website"},"datePublished":"2016-09-28T10:57:13+00:00","dateModified":"2022-04-28T17:12:03+00:00","description":"Gasoil a domicilio en Figueres. Venta y distribuci\u00f3n de Gas\u00f3leos A, B y C para automoci\u00f3n, usos industriales y dom\u00e9sticos a domicilio. Cont\u00e1ctanos.","breadcrumb":{"@id":"https:\/\/gasoiladomiciliavinyonet.com\/ca\/gasoil\/#breadcrumb"},"inLanguage":"ca","potentialAction":[{"@type":"ReadAction","target":["https:\/\/gasoiladomiciliavinyonet.com\/ca\/gasoil\/"]}]},{"@type":"BreadcrumbList","@id":"https:\/\/gasoiladomiciliavinyonet.com\/ca\/gasoil\/#breadcrumb","itemListElement":[{"@type":"ListItem","position":1,"name":"Portada","item":"https:\/\/gasoiladomiciliavinyonet.com\/ca\/"},{"@type":"ListItem","position":2,"name":"Contacte"}]},{"@type":"WebSite","@id":"https:\/\/gasoiladomiciliavinyonet.com\/ca\/#website","url":"https:\/\/gasoiladomiciliavinyonet.com\/ca\/","name":"Estaci\u00f3 de Servei Avonyonet","description":"Distribuci\u00f3n de gas\u00f3leos a domicilio","publisher":{"@id":"https:\/\/gasoiladomiciliavinyonet.com\/ca\/#organization"},"potentialAction":[{"@type":"SearchAction","target":{"@type":"EntryPoint","urlTemplate":"https:\/\/gasoiladomiciliavinyonet.com\/ca\/?s={search_term_string}"},"query-input":{"@type":"PropertyValueSpecification","valueRequired":true,"valueName":"search_term_string"}}],"inLanguage":"ca"},{"@type":"Organization","@id":"https:\/\/gasoiladomiciliavinyonet.com\/ca\/#organization","name":"Estaci\u00f3 de Servei Avinyonet","url":"https:\/\/gasoiladomiciliavinyonet.com\/ca\/","logo":{"@type":"ImageObject","inLanguage":"ca","@id":"https:\/\/gasoiladomiciliavinyonet.com\/ca\/#\/schema\/logo\/image\/","url":"https:\/\/gasoiladomiciliavinyonet.com\/wp-content\/uploads\/2023\/09\/logo-ES-AVINYONET.png","contentUrl":"https:\/\/gasoiladomiciliavinyonet.com\/wp-content\/uploads\/2023\/09\/logo-ES-AVINYONET.png","width":2048,"height":2048,"caption":"Estaci\u00f3 de Servei Avinyonet"},"image":{"@id":"https:\/\/gasoiladomiciliavinyonet.com\/ca\/#\/schema\/logo\/image\/"},"sameAs":["https:\/\/www.facebook.com\/Estacio.Servei.Avinyonet\/","https:\/\/www.instagram.com\/estaciodeserveiavinyonet\/"]}]}},"_links":{"self":[{"href":"https:\/\/gasoiladomiciliavinyonet.com\/ca\/wp-json\/wp\/v2\/pages\/474","targetHints":{"allow":["GET"]}}],"collection":[{"href":"https:\/\/gasoiladomiciliavinyonet.com\/ca\/wp-json\/wp\/v2\/pages"}],"about":[{"href":"https:\/\/gasoiladomiciliavinyonet.com\/ca\/wp-json\/wp\/v2\/types\/page"}],"author":[{"embeddable":true,"href":"https:\/\/gasoiladomiciliavinyonet.com\/ca\/wp-json\/wp\/v2\/users\/1"}],"replies":[{"embeddable":true,"href":"https:\/\/gasoiladomiciliavinyonet.com\/ca\/wp-json\/wp\/v2\/comments?post=474"}],"version-history":[{"count":0,"href":"https:\/\/gasoiladomiciliavinyonet.com\/ca\/wp-json\/wp\/v2\/pages\/474\/revisions"}],"wp:attachment":[{"href":"https:\/\/gasoiladomiciliavinyonet.com\/ca\/wp-json\/wp\/v2\/media?parent=474"}],"curies":[{"name":"wp","href":"https:\/\/api.w.org\/{rel}","templated":true}]}}